{"id":404268,"date":"2025-05-15T18:06:48","date_gmt":"2025-05-15T18:06:48","guid":{"rendered":"https:\/\/irankiuzona.lt\/product\/oro-filtras-su-manometru-1-4-2\/"},"modified":"2026-04-22T04:04:03","modified_gmt":"2026-04-22T04:04:03","slug":"oro-filtras-su-manometru-1-4-2","status":"publish","type":"product","link":"https:\/\/irankiuzona.lt\/ru\/product\/oro-filtras-su-manometru-1-4-2\/","title":{"rendered":"Oro filtras su manometru 1\/4&#8221;"},"content":{"rendered":"<p>Skirtas i\u0161valyti or\u0105 nuo daugumos skyst\u0173 ir kiet\u0173j\u0173 daleli\u0173.<br \/>\nSl\u0117gio reguliatorius leid\u017eia nustatyti i\u0161\u0117jimo sl\u0117g\u012f nuo 0 iki 150 PSI.<\/p>","protected":false},"excerpt":{"rendered":"<p>Oro filtras su manometru 1\/4&#8221;<\/p>","protected":false},"featured_media":331417,"comment_status":"open","ping_status":"open","template":"","meta":[],"product_cat":[9706],"product_tag":[9810],"class_list":{"0":"post-404268","1":"product","2":"type-product","3":"status-publish","4":"has-post-thumbnail","6":"product_brand-geko-lenkija","7":"product_cat-oro-srauto-reguliatoriai-tepalines-dregmes-surinkejai","8":"product_tag-geko-lenkija","10":"first","11":"outofstock","12":"purchasable","13":"product-type-simple"},"jetpack_sharing_enabled":true,"_links":{"self":[{"href":"https:\/\/irankiuzona.lt\/ru\/wp-json\/wp\/v2\/product\/404268","targetHints":{"allow":["GET"]}}],"collection":[{"href":"https:\/\/irankiuzona.lt\/ru\/wp-json\/wp\/v2\/product"}],"about":[{"href":"https:\/\/irankiuzona.lt\/ru\/wp-json\/wp\/v2\/types\/product"}],"replies":[{"embeddable":true,"href":"https:\/\/irankiuzona.lt\/ru\/wp-json\/wp\/v2\/comments?post=404268"}],"version-history":[{"count":1,"href":"https:\/\/irankiuzona.lt\/ru\/wp-json\/wp\/v2\/product\/404268\/revisions"}],"predecessor-version":[{"id":425492,"href":"https:\/\/irankiuzona.lt\/ru\/wp-json\/wp\/v2\/product\/404268\/revisions\/425492"}],"wp:featuredmedia":[{"embeddable":true,"href":"https:\/\/irankiuzona.lt\/ru\/wp-json\/wp\/v2\/media\/331417"}],"wp:attachment":[{"href":"https:\/\/irankiuzona.lt\/ru\/wp-json\/wp\/v2\/media?parent=404268"}],"wp:term":[{"taxonomy":"product_cat","embeddable":true,"href":"https:\/\/irankiuzona.lt\/ru\/wp-json\/wp\/v2\/product_cat?post=404268"},{"taxonomy":"product_tag","embeddable":true,"href":"https:\/\/irankiuzona.lt\/ru\/wp-json\/wp\/v2\/product_tag?post=404268"}],"curies":[{"name":"wp","href":"https:\/\/api.w.org\/{rel}","templated":true}]}}