{"id":404288,"date":"2025-05-15T18:18:36","date_gmt":"2025-05-15T18:18:36","guid":{"rendered":"https:\/\/irankiuzona.lt\/product\/tepalo-ir-kuro-slegio-spaudimo-matuoklis-motociklams-2\/"},"modified":"2026-04-15T06:32:01","modified_gmt":"2026-04-15T06:32:01","slug":"tepalo-ir-kuro-slegio-spaudimo-matuoklis-motociklams-2","status":"publish","type":"product","link":"https:\/\/irankiuzona.lt\/ru\/product\/tepalo-ir-kuro-slegio-spaudimo-matuoklis-motociklams-2\/","title":{"rendered":"Tepalo ir kuro sl\u0117gio spaudimo matuoklis motociklams"},"content":{"rendered":"<p>0\u20137 bar\u0173 (0\u2013100 psi) sl\u0117gio matuoklis: idealiai tinka kuro sl\u0117giui matuoti standartin\u0117se sistemose.Sl\u0117gio matuoklis 0\u201320 kPa (0\u2013300 psi): skirtas cilindro suspaudimui patikrinti, siekiant \u012fvertinti variklio b\u016bkl\u0119.0-1 baro (0-100 kPa) sl\u0117gio matuoklis: puikiai tinka ma\u017eam degal\u0173 sl\u0117giui matuoti specializuotose srityse.Sl\u0117gio linijos, reduktoriai ir jungtys: leid\u017eia lengvai prijungti \u012fvairi\u0173 tip\u0173 motocikl\u0173 variklius.<\/p>","protected":false},"excerpt":{"rendered":"<p>Tepalo ir kuro sl\u0117gio spaudimo matuoklis motociklams<\/p>","protected":false},"featured_media":374082,"comment_status":"open","ping_status":"open","template":"","meta":[],"product_cat":[9605],"product_tag":[9810],"class_list":{"0":"post-404288","1":"product","2":"type-product","3":"status-publish","4":"has-post-thumbnail","6":"product_brand-geko-lenkija","7":"product_cat-irankiai-motociklu-remontui","8":"product_tag-geko-lenkija","10":"first","11":"outofstock","12":"purchasable","13":"product-type-simple"},"jetpack_sharing_enabled":true,"_links":{"self":[{"href":"https:\/\/irankiuzona.lt\/ru\/wp-json\/wp\/v2\/product\/404288","targetHints":{"allow":["GET"]}}],"collection":[{"href":"https:\/\/irankiuzona.lt\/ru\/wp-json\/wp\/v2\/product"}],"about":[{"href":"https:\/\/irankiuzona.lt\/ru\/wp-json\/wp\/v2\/types\/product"}],"replies":[{"embeddable":true,"href":"https:\/\/irankiuzona.lt\/ru\/wp-json\/wp\/v2\/comments?post=404288"}],"version-history":[{"count":1,"href":"https:\/\/irankiuzona.lt\/ru\/wp-json\/wp\/v2\/product\/404288\/revisions"}],"predecessor-version":[{"id":426035,"href":"https:\/\/irankiuzona.lt\/ru\/wp-json\/wp\/v2\/product\/404288\/revisions\/426035"}],"wp:featuredmedia":[{"embeddable":true,"href":"https:\/\/irankiuzona.lt\/ru\/wp-json\/wp\/v2\/media\/374082"}],"wp:attachment":[{"href":"https:\/\/irankiuzona.lt\/ru\/wp-json\/wp\/v2\/media?parent=404288"}],"wp:term":[{"taxonomy":"product_cat","embeddable":true,"href":"https:\/\/irankiuzona.lt\/ru\/wp-json\/wp\/v2\/product_cat?post=404288"},{"taxonomy":"product_tag","embeddable":true,"href":"https:\/\/irankiuzona.lt\/ru\/wp-json\/wp\/v2\/product_tag?post=404288"}],"curies":[{"name":"wp","href":"https:\/\/api.w.org\/{rel}","templated":true}]}}