{"id":404290,"date":"2025-05-15T18:18:42","date_gmt":"2025-05-15T18:18:42","guid":{"rendered":"https:\/\/irankiuzona.lt\/product\/kugine-freza-akmeniuigranitui-ir-pns-m14-20-48mm-2\/"},"modified":"2026-04-15T08:41:06","modified_gmt":"2026-04-15T08:41:06","slug":"kugine-freza-akmeniuigranitui-ir-pns-m14-20-48mm-2","status":"publish","type":"product","link":"https:\/\/irankiuzona.lt\/ru\/product\/kugine-freza-akmeniuigranitui-ir-pns-m14-20-48mm-2\/","title":{"rendered":"K\u016bgin\u0117 freza akmeniui,granitui ir pn\u0161. M14 20-48mm"},"content":{"rendered":"<p>K\u016bgin\u0117 freza 20-48mm diametroTvirtinimas: M14 sriegisTinka: akmens, granito, marmumo, keramikos dirbiniams apdirbti<\/p>","protected":false},"excerpt":{"rendered":"<p>K\u016bgin\u0117 freza akmeniui,granitui ir pn\u0161. M14 20-48mm<\/p>","protected":false},"featured_media":374094,"comment_status":"open","ping_status":"open","template":"","meta":[],"product_cat":[10025],"product_tag":[9810],"class_list":{"0":"post-404290","1":"product","2":"type-product","3":"status-publish","4":"has-post-thumbnail","6":"product_brand-geko-lenkija","7":"product_cat-graztai-granitui","8":"product_tag-geko-lenkija","10":"first","11":"outofstock","12":"purchasable","13":"product-type-simple"},"jetpack_sharing_enabled":true,"_links":{"self":[{"href":"https:\/\/irankiuzona.lt\/ru\/wp-json\/wp\/v2\/product\/404290","targetHints":{"allow":["GET"]}}],"collection":[{"href":"https:\/\/irankiuzona.lt\/ru\/wp-json\/wp\/v2\/product"}],"about":[{"href":"https:\/\/irankiuzona.lt\/ru\/wp-json\/wp\/v2\/types\/product"}],"replies":[{"embeddable":true,"href":"https:\/\/irankiuzona.lt\/ru\/wp-json\/wp\/v2\/comments?post=404290"}],"version-history":[{"count":1,"href":"https:\/\/irankiuzona.lt\/ru\/wp-json\/wp\/v2\/product\/404290\/revisions"}],"predecessor-version":[{"id":426039,"href":"https:\/\/irankiuzona.lt\/ru\/wp-json\/wp\/v2\/product\/404290\/revisions\/426039"}],"wp:featuredmedia":[{"embeddable":true,"href":"https:\/\/irankiuzona.lt\/ru\/wp-json\/wp\/v2\/media\/374094"}],"wp:attachment":[{"href":"https:\/\/irankiuzona.lt\/ru\/wp-json\/wp\/v2\/media?parent=404290"}],"wp:term":[{"taxonomy":"product_cat","embeddable":true,"href":"https:\/\/irankiuzona.lt\/ru\/wp-json\/wp\/v2\/product_cat?post=404290"},{"taxonomy":"product_tag","embeddable":true,"href":"https:\/\/irankiuzona.lt\/ru\/wp-json\/wp\/v2\/product_tag?post=404290"}],"curies":[{"name":"wp","href":"https:\/\/api.w.org\/{rel}","templated":true}]}}