{"id":404292,"date":"2025-05-15T18:18:44","date_gmt":"2025-05-15T18:18:44","guid":{"rendered":"https:\/\/irankiuzona.lt\/product\/magnetine-lekste-148x112mm-2\/"},"modified":"2026-03-18T01:21:03","modified_gmt":"2026-03-18T01:21:03","slug":"magnetine-lekste-148x112mm-2","status":"publish","type":"product","link":"https:\/\/irankiuzona.lt\/ru\/product\/magnetine-lekste-148x112mm-2\/","title":{"rendered":"Magnetin\u0117 l\u0117k\u0161t\u0117 148x112mm"},"content":{"rendered":"<p>148x112mm<\/p>","protected":false},"excerpt":{"rendered":"<p>Magnetin\u0117 l\u0117k\u0161t\u0117 148x112mm<\/p>","protected":false},"featured_media":374097,"comment_status":"open","ping_status":"open","template":"","meta":[],"product_cat":[9616],"product_tag":[9810],"class_list":{"0":"post-404292","1":"product","2":"type-product","3":"status-publish","4":"has-post-thumbnail","6":"product_brand-geko-lenkija","7":"product_cat-magnetines-lekstutes-magnetines-juostos","8":"product_tag-geko-lenkija","10":"first","11":"outofstock","12":"purchasable","13":"product-type-simple"},"jetpack_sharing_enabled":true,"_links":{"self":[{"href":"https:\/\/irankiuzona.lt\/ru\/wp-json\/wp\/v2\/product\/404292","targetHints":{"allow":["GET"]}}],"collection":[{"href":"https:\/\/irankiuzona.lt\/ru\/wp-json\/wp\/v2\/product"}],"about":[{"href":"https:\/\/irankiuzona.lt\/ru\/wp-json\/wp\/v2\/types\/product"}],"replies":[{"embeddable":true,"href":"https:\/\/irankiuzona.lt\/ru\/wp-json\/wp\/v2\/comments?post=404292"}],"version-history":[{"count":1,"href":"https:\/\/irankiuzona.lt\/ru\/wp-json\/wp\/v2\/product\/404292\/revisions"}],"predecessor-version":[{"id":426040,"href":"https:\/\/irankiuzona.lt\/ru\/wp-json\/wp\/v2\/product\/404292\/revisions\/426040"}],"wp:featuredmedia":[{"embeddable":true,"href":"https:\/\/irankiuzona.lt\/ru\/wp-json\/wp\/v2\/media\/374097"}],"wp:attachment":[{"href":"https:\/\/irankiuzona.lt\/ru\/wp-json\/wp\/v2\/media?parent=404292"}],"wp:term":[{"taxonomy":"product_cat","embeddable":true,"href":"https:\/\/irankiuzona.lt\/ru\/wp-json\/wp\/v2\/product_cat?post=404292"},{"taxonomy":"product_tag","embeddable":true,"href":"https:\/\/irankiuzona.lt\/ru\/wp-json\/wp\/v2\/product_tag?post=404292"}],"curies":[{"name":"wp","href":"https:\/\/api.w.org\/{rel}","templated":true}]}}