{"id":404298,"date":"2025-05-15T18:18:50","date_gmt":"2025-05-15T18:18:50","guid":{"rendered":"https:\/\/irankiuzona.lt\/product\/graztai-metalui-hss-2628mm-2vnt-2\/"},"modified":"2026-04-16T14:51:12","modified_gmt":"2026-04-16T14:51:12","slug":"graztai-metalui-hss-2628mm-2vnt-2","status":"publish","type":"product","link":"https:\/\/irankiuzona.lt\/ru\/product\/graztai-metalui-hss-2628mm-2vnt-2\/","title":{"rendered":"Gr\u0105\u017etai metalui HSS 26+28mm 2vnt."},"content":{"rendered":"<p>HSS 4241 gr\u0105\u017etai, kuri\u0173 skersmuo 26 mm ir 28 mm<\/p>","protected":false},"excerpt":{"rendered":"<p>Gr\u0105\u017etai metalui HSS 26+28mm 2vnt.<\/p>","protected":false},"featured_media":374100,"comment_status":"open","ping_status":"open","template":"","meta":[],"product_cat":[10023],"product_tag":[9810],"class_list":{"0":"post-404298","1":"product","2":"type-product","3":"status-publish","4":"has-post-thumbnail","6":"product_brand-geko-lenkija","7":"product_cat-graztai-metalui-su-nutekintu-kotu","8":"product_tag-geko-lenkija","10":"first","11":"outofstock","12":"purchasable","13":"product-type-simple"},"jetpack_sharing_enabled":true,"_links":{"self":[{"href":"https:\/\/irankiuzona.lt\/ru\/wp-json\/wp\/v2\/product\/404298","targetHints":{"allow":["GET"]}}],"collection":[{"href":"https:\/\/irankiuzona.lt\/ru\/wp-json\/wp\/v2\/product"}],"about":[{"href":"https:\/\/irankiuzona.lt\/ru\/wp-json\/wp\/v2\/types\/product"}],"replies":[{"embeddable":true,"href":"https:\/\/irankiuzona.lt\/ru\/wp-json\/wp\/v2\/comments?post=404298"}],"version-history":[{"count":1,"href":"https:\/\/irankiuzona.lt\/ru\/wp-json\/wp\/v2\/product\/404298\/revisions"}],"predecessor-version":[{"id":426044,"href":"https:\/\/irankiuzona.lt\/ru\/wp-json\/wp\/v2\/product\/404298\/revisions\/426044"}],"wp:featuredmedia":[{"embeddable":true,"href":"https:\/\/irankiuzona.lt\/ru\/wp-json\/wp\/v2\/media\/374100"}],"wp:attachment":[{"href":"https:\/\/irankiuzona.lt\/ru\/wp-json\/wp\/v2\/media?parent=404298"}],"wp:term":[{"taxonomy":"product_cat","embeddable":true,"href":"https:\/\/irankiuzona.lt\/ru\/wp-json\/wp\/v2\/product_cat?post=404298"},{"taxonomy":"product_tag","embeddable":true,"href":"https:\/\/irankiuzona.lt\/ru\/wp-json\/wp\/v2\/product_tag?post=404298"}],"curies":[{"name":"wp","href":"https:\/\/api.w.org\/{rel}","templated":true}]}}