{"id":404308,"date":"2025-05-15T18:18:58","date_gmt":"2025-05-15T18:18:58","guid":{"rendered":"https:\/\/irankiuzona.lt\/product\/svarstykles-bagazui-elektronines-iki-50kg-2\/"},"modified":"2026-04-11T01:05:39","modified_gmt":"2026-04-11T01:05:39","slug":"svarstykles-bagazui-elektronines-iki-50kg-2","status":"publish","type":"product","link":"https:\/\/irankiuzona.lt\/ru\/product\/svarstykles-bagazui-elektronines-iki-50kg-2\/","title":{"rendered":"Svarstykl\u0117s baga\u017eui elektronin\u0117s iki 50kg"},"content":{"rendered":"<p>Technin\u0117s specifikacijos:Tipas: Skaitmenin\u0117s baga\u017eo svarstykl\u0117s<br \/>\nMaksimali apkrova: 50 kg<br \/>\nSvorio vienetai: g, kg, lb, oz<br \/>\nEkranas: ap\u0161viestas LCD<br \/>\nMaitinimas: CR2032 baterija (pridedama)<\/p>","protected":false},"excerpt":{"rendered":"<p>Svarstykl\u0117s baga\u017eui elektronin\u0117s iki 50kg<\/p>","protected":false},"featured_media":374114,"comment_status":"open","ping_status":"open","template":"","meta":[],"product_cat":[9945],"product_tag":[9810],"class_list":{"0":"post-404308","1":"product","2":"type-product","3":"status-publish","4":"has-post-thumbnail","6":"product_brand-geko-lenkija","7":"product_cat-svarstykles","8":"product_tag-geko-lenkija","10":"first","11":"instock","12":"purchasable","13":"product-type-simple"},"jetpack_sharing_enabled":true,"_links":{"self":[{"href":"https:\/\/irankiuzona.lt\/ru\/wp-json\/wp\/v2\/product\/404308","targetHints":{"allow":["GET"]}}],"collection":[{"href":"https:\/\/irankiuzona.lt\/ru\/wp-json\/wp\/v2\/product"}],"about":[{"href":"https:\/\/irankiuzona.lt\/ru\/wp-json\/wp\/v2\/types\/product"}],"replies":[{"embeddable":true,"href":"https:\/\/irankiuzona.lt\/ru\/wp-json\/wp\/v2\/comments?post=404308"}],"version-history":[{"count":1,"href":"https:\/\/irankiuzona.lt\/ru\/wp-json\/wp\/v2\/product\/404308\/revisions"}],"predecessor-version":[{"id":426050,"href":"https:\/\/irankiuzona.lt\/ru\/wp-json\/wp\/v2\/product\/404308\/revisions\/426050"}],"wp:featuredmedia":[{"embeddable":true,"href":"https:\/\/irankiuzona.lt\/ru\/wp-json\/wp\/v2\/media\/374114"}],"wp:attachment":[{"href":"https:\/\/irankiuzona.lt\/ru\/wp-json\/wp\/v2\/media?parent=404308"}],"wp:term":[{"taxonomy":"product_cat","embeddable":true,"href":"https:\/\/irankiuzona.lt\/ru\/wp-json\/wp\/v2\/product_cat?post=404308"},{"taxonomy":"product_tag","embeddable":true,"href":"https:\/\/irankiuzona.lt\/ru\/wp-json\/wp\/v2\/product_tag?post=404308"}],"curies":[{"name":"wp","href":"https:\/\/api.w.org\/{rel}","templated":true}]}}