{"id":404312,"date":"2025-05-15T18:19:05","date_gmt":"2025-05-15T18:19:05","guid":{"rendered":"https:\/\/irankiuzona.lt\/product\/dujinis-degiklis-60mm-70cm-5m-profi-2\/"},"modified":"2026-04-15T01:01:55","modified_gmt":"2026-04-15T01:01:55","slug":"dujinis-degiklis-60mm-70cm-5m-profi-2","status":"publish","type":"product","link":"https:\/\/irankiuzona.lt\/ru\/product\/dujinis-degiklis-60mm-70cm-5m-profi-2\/","title":{"rendered":"Dujinis degiklis 60mm 70cm +5m profi"},"content":{"rendered":"<p>Techniniai duomenys:Liepsnos temperat\u016bra (\u00b0C): 1850Degiklio galia (BTU): 340 000Duj\u0173 s\u0105naudos (g\/h): 4930Degiklio skersmuo (mm) [vidinis\/i\u0161orinis]: 57\/60mmDegikli\u0173 skai\u010dius: 1\u017darnos ilgis (m): 5Degiklio tipas: pla\u010dia liepsna<\/p>\n","protected":false},"excerpt":{"rendered":"<p>Dujinis degiklis 60mm 70cm +5m profi<\/p>","protected":false},"featured_media":373923,"comment_status":"open","ping_status":"open","template":"","meta":[],"product_cat":[9788],"product_tag":[9810],"class_list":{"0":"post-404312","1":"product","2":"type-product","3":"status-publish","4":"has-post-thumbnail","6":"product_brand-geko-lenkija","7":"product_cat-dujiniai-degikliai","8":"product_tag-geko-lenkija","10":"first","11":"outofstock","12":"purchasable","13":"product-type-simple"},"jetpack_sharing_enabled":true,"_links":{"self":[{"href":"https:\/\/irankiuzona.lt\/ru\/wp-json\/wp\/v2\/product\/404312","targetHints":{"allow":["GET"]}}],"collection":[{"href":"https:\/\/irankiuzona.lt\/ru\/wp-json\/wp\/v2\/product"}],"about":[{"href":"https:\/\/irankiuzona.lt\/ru\/wp-json\/wp\/v2\/types\/product"}],"replies":[{"embeddable":true,"href":"https:\/\/irankiuzona.lt\/ru\/wp-json\/wp\/v2\/comments?post=404312"}],"version-history":[{"count":1,"href":"https:\/\/irankiuzona.lt\/ru\/wp-json\/wp\/v2\/product\/404312\/revisions"}],"predecessor-version":[{"id":426055,"href":"https:\/\/irankiuzona.lt\/ru\/wp-json\/wp\/v2\/product\/404312\/revisions\/426055"}],"wp:featuredmedia":[{"embeddable":true,"href":"https:\/\/irankiuzona.lt\/ru\/wp-json\/wp\/v2\/media\/373923"}],"wp:attachment":[{"href":"https:\/\/irankiuzona.lt\/ru\/wp-json\/wp\/v2\/media?parent=404312"}],"wp:term":[{"taxonomy":"product_cat","embeddable":true,"href":"https:\/\/irankiuzona.lt\/ru\/wp-json\/wp\/v2\/product_cat?post=404312"},{"taxonomy":"product_tag","embeddable":true,"href":"https:\/\/irankiuzona.lt\/ru\/wp-json\/wp\/v2\/product_tag?post=404312"}],"curies":[{"name":"wp","href":"https:\/\/api.w.org\/{rel}","templated":true}]}}