{"id":404316,"date":"2025-05-15T18:19:09","date_gmt":"2025-05-15T18:19:09","guid":{"rendered":"https:\/\/irankiuzona.lt\/product\/sniego-sepetys-su-ledo-grandikliu-52cm-2\/"},"modified":"2026-04-15T04:38:03","modified_gmt":"2026-04-15T04:38:03","slug":"sniego-sepetys-su-ledo-grandikliu-52cm-2","status":"publish","type":"product","link":"https:\/\/irankiuzona.lt\/ru\/product\/sniego-sepetys-su-ledo-grandikliu-52cm-2\/","title":{"rendered":"Sniego \u0161epetys su ledo grandikliu 52cm"},"content":{"rendered":"<p>Med\u017eiaga: plastikas, atsparus \u017eemai temperat\u016braiVisas ilgis: 52 cmGrandiklio plotis: ;9,5 cm\u0160epe\u010dio ilgis: 17 cm\u0160epe\u010dio plotis: 1,5 cm\u0160eri\u0173 auk\u0161tis: 6 cm<\/p>","protected":false},"excerpt":{"rendered":"<p>Sniego \u0161epetys su ledo grandikliu 52cm<\/p>","protected":false},"featured_media":374129,"comment_status":"open","ping_status":"open","template":"","meta":[],"product_cat":[9697],"product_tag":[9810],"class_list":{"0":"post-404316","1":"product","2":"type-product","3":"status-publish","4":"has-post-thumbnail","6":"product_brand-geko-lenkija","7":"product_cat-aksesuarai-automobiliams","8":"product_tag-geko-lenkija","10":"first","11":"outofstock","12":"purchasable","13":"product-type-simple"},"jetpack_sharing_enabled":true,"_links":{"self":[{"href":"https:\/\/irankiuzona.lt\/ru\/wp-json\/wp\/v2\/product\/404316","targetHints":{"allow":["GET"]}}],"collection":[{"href":"https:\/\/irankiuzona.lt\/ru\/wp-json\/wp\/v2\/product"}],"about":[{"href":"https:\/\/irankiuzona.lt\/ru\/wp-json\/wp\/v2\/types\/product"}],"replies":[{"embeddable":true,"href":"https:\/\/irankiuzona.lt\/ru\/wp-json\/wp\/v2\/comments?post=404316"}],"version-history":[{"count":1,"href":"https:\/\/irankiuzona.lt\/ru\/wp-json\/wp\/v2\/product\/404316\/revisions"}],"predecessor-version":[{"id":426057,"href":"https:\/\/irankiuzona.lt\/ru\/wp-json\/wp\/v2\/product\/404316\/revisions\/426057"}],"wp:featuredmedia":[{"embeddable":true,"href":"https:\/\/irankiuzona.lt\/ru\/wp-json\/wp\/v2\/media\/374129"}],"wp:attachment":[{"href":"https:\/\/irankiuzona.lt\/ru\/wp-json\/wp\/v2\/media?parent=404316"}],"wp:term":[{"taxonomy":"product_cat","embeddable":true,"href":"https:\/\/irankiuzona.lt\/ru\/wp-json\/wp\/v2\/product_cat?post=404316"},{"taxonomy":"product_tag","embeddable":true,"href":"https:\/\/irankiuzona.lt\/ru\/wp-json\/wp\/v2\/product_tag?post=404316"}],"curies":[{"name":"wp","href":"https:\/\/api.w.org\/{rel}","templated":true}]}}