{"id":404320,"date":"2025-05-15T18:19:14","date_gmt":"2025-05-15T18:19:14","guid":{"rendered":"https:\/\/irankiuzona.lt\/product\/grezimo-karunu-komplektas-bi-metal-19-76mm-aliuminio-dezuteje-2\/"},"modified":"2026-04-07T08:36:15","modified_gmt":"2026-04-07T08:36:15","slug":"grezimo-karunu-komplektas-bi-metal-19-76mm-aliuminio-dezuteje-2","status":"publish","type":"product","link":"https:\/\/irankiuzona.lt\/ru\/product\/grezimo-karunu-komplektas-bi-metal-19-76mm-aliuminio-dezuteje-2\/","title":{"rendered":"Gr\u0119\u017eimo kar\u016bn\u0173 komplektas BI-metal 19-76mm aliuminio d\u0117\u017eut\u0117je"},"content":{"rendered":"<p>19, 20, 22, 25, 29, 32, 35, 38, 44, 51, 57, 64, 76 mmprailgintuvais 300 mm3\/8&quot; HEX 14 &#8211; 30 mm7\/16&quot; HEX 32 &#8211; 152 mmpatvarus aliuminio lagaminas<\/p>","protected":false},"excerpt":{"rendered":"<p>Gr\u0119\u017eimo kar\u016bn\u0173 komplektas BI-metal 19-76mm aliuminio d\u0117\u017eut\u0117je<\/p>","protected":false},"featured_media":373929,"comment_status":"open","ping_status":"open","template":"","meta":[],"product_cat":[9647],"product_tag":[9810],"class_list":{"0":"post-404320","1":"product","2":"type-product","3":"status-publish","4":"has-post-thumbnail","6":"product_brand-geko-lenkija","7":"product_cat-grezimo-karunu-komplektai","8":"product_tag-geko-lenkija","10":"first","11":"outofstock","12":"purchasable","13":"product-type-simple"},"jetpack_sharing_enabled":true,"_links":{"self":[{"href":"https:\/\/irankiuzona.lt\/ru\/wp-json\/wp\/v2\/product\/404320","targetHints":{"allow":["GET"]}}],"collection":[{"href":"https:\/\/irankiuzona.lt\/ru\/wp-json\/wp\/v2\/product"}],"about":[{"href":"https:\/\/irankiuzona.lt\/ru\/wp-json\/wp\/v2\/types\/product"}],"replies":[{"embeddable":true,"href":"https:\/\/irankiuzona.lt\/ru\/wp-json\/wp\/v2\/comments?post=404320"}],"version-history":[{"count":0,"href":"https:\/\/irankiuzona.lt\/ru\/wp-json\/wp\/v2\/product\/404320\/revisions"}],"wp:featuredmedia":[{"embeddable":true,"href":"https:\/\/irankiuzona.lt\/ru\/wp-json\/wp\/v2\/media\/373929"}],"wp:attachment":[{"href":"https:\/\/irankiuzona.lt\/ru\/wp-json\/wp\/v2\/media?parent=404320"}],"wp:term":[{"taxonomy":"product_cat","embeddable":true,"href":"https:\/\/irankiuzona.lt\/ru\/wp-json\/wp\/v2\/product_cat?post=404320"},{"taxonomy":"product_tag","embeddable":true,"href":"https:\/\/irankiuzona.lt\/ru\/wp-json\/wp\/v2\/product_tag?post=404320"}],"curies":[{"name":"wp","href":"https:\/\/api.w.org\/{rel}","templated":true}]}}