{"id":404322,"date":"2025-05-15T18:19:17","date_gmt":"2025-05-15T18:19:17","guid":{"rendered":"https:\/\/irankiuzona.lt\/product\/sarnyru-sailenbloku-presavimo-komplektas-21dalies-2\/"},"modified":"2026-04-05T16:09:12","modified_gmt":"2026-04-05T16:09:12","slug":"sarnyru-sailenbloku-presavimo-komplektas-21dalies-2","status":"publish","type":"product","link":"https:\/\/irankiuzona.lt\/ru\/product\/sarnyru-sailenbloku-presavimo-komplektas-21dalies-2\/","title":{"rendered":"\u0160arnyr\u0173, sailenblok\u0173  presavimo komplektas 21dalies"},"content":{"rendered":"<p>\u0160arnyr\u0173, sailenblok\u0173\u00a0 presavimo komplektas 21dalies\u00a0<\/p>","protected":false},"excerpt":{"rendered":"<p>\u0160arnyr\u0173, sailenblok\u0173\u00a0 presavimo komplektas 21dalies\u00a0<\/p>","protected":false},"featured_media":374135,"comment_status":"open","ping_status":"open","template":"","meta":[],"product_cat":[9731],"product_tag":[9810],"class_list":{"0":"post-404322","1":"product","2":"type-product","3":"status-publish","4":"has-post-thumbnail","6":"product_brand-geko-lenkija","7":"product_cat-guoliu-sailentbloku-presavimo-irankiai","8":"product_tag-geko-lenkija","10":"first","11":"outofstock","12":"purchasable","13":"product-type-simple"},"jetpack_sharing_enabled":true,"_links":{"self":[{"href":"https:\/\/irankiuzona.lt\/ru\/wp-json\/wp\/v2\/product\/404322","targetHints":{"allow":["GET"]}}],"collection":[{"href":"https:\/\/irankiuzona.lt\/ru\/wp-json\/wp\/v2\/product"}],"about":[{"href":"https:\/\/irankiuzona.lt\/ru\/wp-json\/wp\/v2\/types\/product"}],"replies":[{"embeddable":true,"href":"https:\/\/irankiuzona.lt\/ru\/wp-json\/wp\/v2\/comments?post=404322"}],"version-history":[{"count":0,"href":"https:\/\/irankiuzona.lt\/ru\/wp-json\/wp\/v2\/product\/404322\/revisions"}],"wp:featuredmedia":[{"embeddable":true,"href":"https:\/\/irankiuzona.lt\/ru\/wp-json\/wp\/v2\/media\/374135"}],"wp:attachment":[{"href":"https:\/\/irankiuzona.lt\/ru\/wp-json\/wp\/v2\/media?parent=404322"}],"wp:term":[{"taxonomy":"product_cat","embeddable":true,"href":"https:\/\/irankiuzona.lt\/ru\/wp-json\/wp\/v2\/product_cat?post=404322"},{"taxonomy":"product_tag","embeddable":true,"href":"https:\/\/irankiuzona.lt\/ru\/wp-json\/wp\/v2\/product_tag?post=404322"}],"curies":[{"name":"wp","href":"https:\/\/api.w.org\/{rel}","templated":true}]}}