{"id":404328,"date":"2025-05-15T18:19:33","date_gmt":"2025-05-15T18:19:33","guid":{"rendered":"https:\/\/irankiuzona.lt\/product\/medienos-remonto-komplektas-2\/"},"modified":"2026-04-15T06:32:08","modified_gmt":"2026-04-15T06:32:08","slug":"medienos-remonto-komplektas-2","status":"publish","type":"product","link":"https:\/\/irankiuzona.lt\/ru\/product\/medienos-remonto-komplektas-2\/","title":{"rendered":"Medienos remonto komplektas"},"content":{"rendered":"<p>Komplektas, skirtas plok\u0161\u010di\u0173, bald\u0173, dur\u0173 ir kit\u0173 \u012f medien\u0105 pana\u0161i\u0173 med\u017eiag\u0173 pa\u017eeidimams taisyti. Rinkinys leid\u017eia esteti\u0161kai ir pigiai u\u017emaskuoti \u012ftr\u016bkimus, \u012fdubimus ir net skyles po gr\u0119\u017eimo.<br \/>\nRinkin\u012f sudaro: u\u017epildo lydymo \u012frenginys, mentel\u0117s, poliravimo kempin\u0117 ir 11 u\u017epild\u0173 rinkinys.<br \/>\n\u012evairi\u0173 spalv\u0173 u\u017epildai, kuriuos galima laisvai mai\u0161yti, leid\u017eia i\u0161gauti beveik tobul\u0105 spalv\u0105 prie remontuojamo pavir\u0161iaus.<br \/>\n\u017dalos, kurias galima taisyti, r\u016b\u0161ys:\u012ftr\u016bkimaiertm\u0117sskyl\u0117s po gr\u0119\u017eimoMed\u017eiagos:plok\u0161t\u0117smediena\u012f medien\u0105 pana\u0161ios med\u017eiagos<\/p>","protected":false},"excerpt":{"rendered":"<p>Medienos remonto komplektas<\/p>","protected":false},"featured_media":374159,"comment_status":"open","ping_status":"open","template":"","meta":[],"product_cat":[9940],"product_tag":[9810],"class_list":{"0":"post-404328","1":"product","2":"type-product","3":"status-publish","4":"has-post-thumbnail","6":"product_brand-geko-lenkija","7":"product_cat-medzio-ir-metalo-frezos-ju-komplektai","8":"product_tag-geko-lenkija","10":"first","11":"outofstock","12":"purchasable","13":"product-type-simple"},"jetpack_sharing_enabled":true,"_links":{"self":[{"href":"https:\/\/irankiuzona.lt\/ru\/wp-json\/wp\/v2\/product\/404328","targetHints":{"allow":["GET"]}}],"collection":[{"href":"https:\/\/irankiuzona.lt\/ru\/wp-json\/wp\/v2\/product"}],"about":[{"href":"https:\/\/irankiuzona.lt\/ru\/wp-json\/wp\/v2\/types\/product"}],"replies":[{"embeddable":true,"href":"https:\/\/irankiuzona.lt\/ru\/wp-json\/wp\/v2\/comments?post=404328"}],"version-history":[{"count":1,"href":"https:\/\/irankiuzona.lt\/ru\/wp-json\/wp\/v2\/product\/404328\/revisions"}],"predecessor-version":[{"id":426071,"href":"https:\/\/irankiuzona.lt\/ru\/wp-json\/wp\/v2\/product\/404328\/revisions\/426071"}],"wp:featuredmedia":[{"embeddable":true,"href":"https:\/\/irankiuzona.lt\/ru\/wp-json\/wp\/v2\/media\/374159"}],"wp:attachment":[{"href":"https:\/\/irankiuzona.lt\/ru\/wp-json\/wp\/v2\/media?parent=404328"}],"wp:term":[{"taxonomy":"product_cat","embeddable":true,"href":"https:\/\/irankiuzona.lt\/ru\/wp-json\/wp\/v2\/product_cat?post=404328"},{"taxonomy":"product_tag","embeddable":true,"href":"https:\/\/irankiuzona.lt\/ru\/wp-json\/wp\/v2\/product_tag?post=404328"}],"curies":[{"name":"wp","href":"https:\/\/api.w.org\/{rel}","templated":true}]}}