{"id":404336,"date":"2025-05-15T18:19:42","date_gmt":"2025-05-15T18:19:42","guid":{"rendered":"https:\/\/irankiuzona.lt\/product\/magnetinis-griebtuvas-77cm-su-magneto-atleidimo-funkcija-2\/"},"modified":"2026-03-18T01:25:29","modified_gmt":"2026-03-18T01:25:29","slug":"magnetinis-griebtuvas-77cm-su-magneto-atleidimo-funkcija-2","status":"publish","type":"product","link":"https:\/\/irankiuzona.lt\/ru\/product\/magnetinis-griebtuvas-77cm-su-magneto-atleidimo-funkcija-2\/","title":{"rendered":"Magnetinis griebtuvas 77cm su magneto atleidimo funkcija"},"content":{"rendered":"<p>Tai \u012frankis metaliniams daiktams kelti ir ne\u0161ti.Turi ilg\u0105 77 cm ranken\u0105, kuri leid\u017eia pasiekti daiktus i\u0161 sunkiai pasiekiam\u0173 viet\u0173.Jame yra magneto atleidimo funkcija, kuri leid\u017eia atjungti objekt\u0105 nuo griebtuvo paspaudus mygtuk\u0105.Jis lengvas, patvarus ir paprastas naudoti.<\/p>","protected":false},"excerpt":{"rendered":"<p>Magnetinis griebtuvas 77cm su magneto atleid.f-ja<\/p>","protected":false},"featured_media":374168,"comment_status":"open","ping_status":"open","template":"","meta":[],"product_cat":[9539],"product_tag":[9810],"class_list":{"0":"post-404336","1":"product","2":"type-product","3":"status-publish","4":"has-post-thumbnail","6":"product_brand-geko-lenkija","7":"product_cat-griebtuvai-magnetai-veidrodeliai","8":"product_tag-geko-lenkija","10":"first","11":"outofstock","12":"purchasable","13":"product-type-simple"},"jetpack_sharing_enabled":true,"_links":{"self":[{"href":"https:\/\/irankiuzona.lt\/ru\/wp-json\/wp\/v2\/product\/404336","targetHints":{"allow":["GET"]}}],"collection":[{"href":"https:\/\/irankiuzona.lt\/ru\/wp-json\/wp\/v2\/product"}],"about":[{"href":"https:\/\/irankiuzona.lt\/ru\/wp-json\/wp\/v2\/types\/product"}],"replies":[{"embeddable":true,"href":"https:\/\/irankiuzona.lt\/ru\/wp-json\/wp\/v2\/comments?post=404336"}],"version-history":[{"count":1,"href":"https:\/\/irankiuzona.lt\/ru\/wp-json\/wp\/v2\/product\/404336\/revisions"}],"predecessor-version":[{"id":426075,"href":"https:\/\/irankiuzona.lt\/ru\/wp-json\/wp\/v2\/product\/404336\/revisions\/426075"}],"wp:featuredmedia":[{"embeddable":true,"href":"https:\/\/irankiuzona.lt\/ru\/wp-json\/wp\/v2\/media\/374168"}],"wp:attachment":[{"href":"https:\/\/irankiuzona.lt\/ru\/wp-json\/wp\/v2\/media?parent=404336"}],"wp:term":[{"taxonomy":"product_cat","embeddable":true,"href":"https:\/\/irankiuzona.lt\/ru\/wp-json\/wp\/v2\/product_cat?post=404336"},{"taxonomy":"product_tag","embeddable":true,"href":"https:\/\/irankiuzona.lt\/ru\/wp-json\/wp\/v2\/product_tag?post=404336"}],"curies":[{"name":"wp","href":"https:\/\/api.w.org\/{rel}","templated":true}]}}