{"id":404340,"date":"2025-05-15T18:19:49","date_gmt":"2025-05-15T18:19:49","guid":{"rendered":"https:\/\/irankiuzona.lt\/product\/stabdziu-suportu-cilindriuko-suspaudejas-terkslinis-40-75mm-2\/"},"modified":"2026-03-16T18:50:18","modified_gmt":"2026-03-16T18:50:18","slug":"stabdziu-suportu-cilindriuko-suspaudejas-terkslinis-40-75mm-2","status":"publish","type":"product","link":"https:\/\/irankiuzona.lt\/ru\/product\/stabdziu-suportu-cilindriuko-suspaudejas-terkslinis-40-75mm-2\/","title":{"rendered":"Stabd\u017ei\u0173 suport\u0173 cilindriuko suspaud\u0117jas terk\u0161linis 40-75mm"},"content":{"rendered":"<p>Taikymas daugeliui stabd\u017ei\u0173: ATE, BENDIX, DELCO, GIRLING.360\u00b0 sukamasis raktasDiapazonas: 40-75 mm<\/p>","protected":false},"excerpt":{"rendered":"<p>Stabd\u017ei\u0173 suport\u0173 cilindriuko suspaud\u0117jas terk\u0161linis 40-75mm<\/p>","protected":false},"featured_media":373941,"comment_status":"open","ping_status":"open","template":"","meta":[],"product_cat":[9540],"product_tag":[9810],"class_list":{"0":"post-404340","1":"product","2":"type-product","3":"status-publish","4":"has-post-thumbnail","6":"product_brand-geko-lenkija","7":"product_cat-suportu-remonto-irankiai","8":"product_tag-geko-lenkija","10":"first","11":"outofstock","12":"purchasable","13":"product-type-simple"},"jetpack_sharing_enabled":true,"_links":{"self":[{"href":"https:\/\/irankiuzona.lt\/ru\/wp-json\/wp\/v2\/product\/404340","targetHints":{"allow":["GET"]}}],"collection":[{"href":"https:\/\/irankiuzona.lt\/ru\/wp-json\/wp\/v2\/product"}],"about":[{"href":"https:\/\/irankiuzona.lt\/ru\/wp-json\/wp\/v2\/types\/product"}],"replies":[{"embeddable":true,"href":"https:\/\/irankiuzona.lt\/ru\/wp-json\/wp\/v2\/comments?post=404340"}],"version-history":[{"count":1,"href":"https:\/\/irankiuzona.lt\/ru\/wp-json\/wp\/v2\/product\/404340\/revisions"}],"predecessor-version":[{"id":426080,"href":"https:\/\/irankiuzona.lt\/ru\/wp-json\/wp\/v2\/product\/404340\/revisions\/426080"}],"wp:featuredmedia":[{"embeddable":true,"href":"https:\/\/irankiuzona.lt\/ru\/wp-json\/wp\/v2\/media\/373941"}],"wp:attachment":[{"href":"https:\/\/irankiuzona.lt\/ru\/wp-json\/wp\/v2\/media?parent=404340"}],"wp:term":[{"taxonomy":"product_cat","embeddable":true,"href":"https:\/\/irankiuzona.lt\/ru\/wp-json\/wp\/v2\/product_cat?post=404340"},{"taxonomy":"product_tag","embeddable":true,"href":"https:\/\/irankiuzona.lt\/ru\/wp-json\/wp\/v2\/product_tag?post=404340"}],"curies":[{"name":"wp","href":"https:\/\/api.w.org\/{rel}","templated":true}]}}