{"id":404358,"date":"2025-05-15T18:20:20","date_gmt":"2025-05-15T18:20:20","guid":{"rendered":"https:\/\/irankiuzona.lt\/product\/turbokompresoriaus-slegio-testeris-1-3bar-2\/"},"modified":"2026-04-10T19:28:35","modified_gmt":"2026-04-10T19:28:35","slug":"turbokompresoriaus-slegio-testeris-1-3bar-2","status":"publish","type":"product","link":"https:\/\/irankiuzona.lt\/ru\/product\/turbokompresoriaus-slegio-testeris-1-3bar-2\/","title":{"rendered":"Turbokompresoriaus sl\u0117gio testeris 1-3bar"},"content":{"rendered":"<p>Turbokompresoriaus diagnostika: \u012fvertinkite sl\u0117g\u012f, kad aptiktum\u0117te galimas problemas, tokias kaip na\u0161umo suma\u017e\u0117jimas, sistemos nuot\u0117kis ar turbokompresoriaus pa\u017eeidimas.<\/p>","protected":false},"excerpt":{"rendered":"<p>Turbokompresoriaus sl\u0117gio testeris 1-3bar<\/p>","protected":false},"featured_media":374216,"comment_status":"open","ping_status":"open","template":"","meta":[],"product_cat":[9550],"product_tag":[9810],"class_list":{"0":"post-404358","1":"product","2":"type-product","3":"status-publish","4":"has-post-thumbnail","6":"product_brand-geko-lenkija","7":"product_cat-kiti-matuokliai-stetoskopai-termometrai-karbiuratoriams","8":"product_tag-geko-lenkija","10":"first","11":"outofstock","12":"purchasable","13":"product-type-simple"},"jetpack_sharing_enabled":true,"_links":{"self":[{"href":"https:\/\/irankiuzona.lt\/ru\/wp-json\/wp\/v2\/product\/404358","targetHints":{"allow":["GET"]}}],"collection":[{"href":"https:\/\/irankiuzona.lt\/ru\/wp-json\/wp\/v2\/product"}],"about":[{"href":"https:\/\/irankiuzona.lt\/ru\/wp-json\/wp\/v2\/types\/product"}],"replies":[{"embeddable":true,"href":"https:\/\/irankiuzona.lt\/ru\/wp-json\/wp\/v2\/comments?post=404358"}],"version-history":[{"count":1,"href":"https:\/\/irankiuzona.lt\/ru\/wp-json\/wp\/v2\/product\/404358\/revisions"}],"predecessor-version":[{"id":426097,"href":"https:\/\/irankiuzona.lt\/ru\/wp-json\/wp\/v2\/product\/404358\/revisions\/426097"}],"wp:featuredmedia":[{"embeddable":true,"href":"https:\/\/irankiuzona.lt\/ru\/wp-json\/wp\/v2\/media\/374216"}],"wp:attachment":[{"href":"https:\/\/irankiuzona.lt\/ru\/wp-json\/wp\/v2\/media?parent=404358"}],"wp:term":[{"taxonomy":"product_cat","embeddable":true,"href":"https:\/\/irankiuzona.lt\/ru\/wp-json\/wp\/v2\/product_cat?post=404358"},{"taxonomy":"product_tag","embeddable":true,"href":"https:\/\/irankiuzona.lt\/ru\/wp-json\/wp\/v2\/product_tag?post=404358"}],"curies":[{"name":"wp","href":"https:\/\/api.w.org\/{rel}","templated":true}]}}