{"id":404362,"date":"2025-05-15T18:20:29","date_gmt":"2025-05-15T18:20:29","guid":{"rendered":"https:\/\/irankiuzona.lt\/product\/svarstykles-su-kabliu-elektronines-iki-50kg-3\/"},"modified":"2026-04-10T19:28:35","modified_gmt":"2026-04-10T19:28:35","slug":"svarstykles-su-kabliu-elektronines-iki-50kg-3","status":"publish","type":"product","link":"https:\/\/irankiuzona.lt\/ru\/product\/svarstykles-su-kabliu-elektronines-iki-50kg-3\/","title":{"rendered":"Svarstykl\u0117s su kabliu elektronin\u0117s iki 50kg"},"content":{"rendered":"<p>Skaitmenin\u0117s svarstykl\u0117s<br \/>\nMaksimali apkrova: 50 kg<br \/>\nMatavimo diapazonas:<br \/>\n0\u201310 kg (5 g tikslumas)<br \/>\n10\u201350 kg (tikslumas 10 g)<br \/>\nSvorio vienetai: kg, lb, jin, oz<br \/>\nEkranas: ap\u0161viestas LCD<br \/>\nMaitinimas: Komplekte baterijos<\/p>","protected":false},"excerpt":{"rendered":"<p>Svarstykl\u0117s su kabliu elektronin\u0117s iki 50kg<\/p>","protected":false},"featured_media":373953,"comment_status":"open","ping_status":"open","template":"","meta":[],"product_cat":[9945],"product_tag":[9810],"class_list":{"0":"post-404362","1":"product","2":"type-product","3":"status-publish","4":"has-post-thumbnail","6":"product_brand-geko-lenkija","7":"product_cat-svarstykles","8":"product_tag-geko-lenkija","10":"first","11":"instock","12":"purchasable","13":"product-type-simple"},"jetpack_sharing_enabled":true,"_links":{"self":[{"href":"https:\/\/irankiuzona.lt\/ru\/wp-json\/wp\/v2\/product\/404362","targetHints":{"allow":["GET"]}}],"collection":[{"href":"https:\/\/irankiuzona.lt\/ru\/wp-json\/wp\/v2\/product"}],"about":[{"href":"https:\/\/irankiuzona.lt\/ru\/wp-json\/wp\/v2\/types\/product"}],"replies":[{"embeddable":true,"href":"https:\/\/irankiuzona.lt\/ru\/wp-json\/wp\/v2\/comments?post=404362"}],"version-history":[{"count":1,"href":"https:\/\/irankiuzona.lt\/ru\/wp-json\/wp\/v2\/product\/404362\/revisions"}],"predecessor-version":[{"id":426101,"href":"https:\/\/irankiuzona.lt\/ru\/wp-json\/wp\/v2\/product\/404362\/revisions\/426101"}],"wp:featuredmedia":[{"embeddable":true,"href":"https:\/\/irankiuzona.lt\/ru\/wp-json\/wp\/v2\/media\/373953"}],"wp:attachment":[{"href":"https:\/\/irankiuzona.lt\/ru\/wp-json\/wp\/v2\/media?parent=404362"}],"wp:term":[{"taxonomy":"product_cat","embeddable":true,"href":"https:\/\/irankiuzona.lt\/ru\/wp-json\/wp\/v2\/product_cat?post=404362"},{"taxonomy":"product_tag","embeddable":true,"href":"https:\/\/irankiuzona.lt\/ru\/wp-json\/wp\/v2\/product_tag?post=404362"}],"curies":[{"name":"wp","href":"https:\/\/api.w.org\/{rel}","templated":true}]}}