{"id":404364,"date":"2025-05-15T18:20:35","date_gmt":"2025-05-15T18:20:35","guid":{"rendered":"https:\/\/irankiuzona.lt\/product\/pneumo-zarna-20m-su-automatine-rite-su-laikikliu-vidinis-o-8mm-2\/"},"modified":"2026-04-11T00:12:54","modified_gmt":"2026-04-11T00:12:54","slug":"pneumo-zarna-20m-su-automatine-rite-su-laikikliu-vidinis-o-8mm-2","status":"publish","type":"product","link":"https:\/\/irankiuzona.lt\/ru\/product\/pneumo-zarna-20m-su-automatine-rite-su-laikikliu-vidinis-o-8mm-2\/","title":{"rendered":"Pneumo \u017earna 20m su automatine rite \/ su laikikliu \/ vidinis \u00d8 8mm"},"content":{"rendered":"<p>Technin\u0117s specifikacijos:Gamintojas: Geko\u017darnos ilgis: 20 m\u017darnos skersmuo: 8 x 12 mmMed\u017eiaga: PVCDarbinis sl\u0117gis: iki 250 psiJungtis: 1\/4&quot;Rankenos matmenys: 3,5 x 13,5 cmTvirtinimo kron\u0161teino matmenys: 8 x 22 cmSvoris: 6,26 kg<\/p>","protected":false},"excerpt":{"rendered":"<p>Pneumo \u017earna 20m su automatine rite \/ su laikikliu \/ vidinis \u00d8 8mm<\/p>","protected":false},"featured_media":373959,"comment_status":"open","ping_status":"open","template":"","meta":[],"product_cat":[9657],"product_tag":[9810],"class_list":{"0":"post-404364","1":"product","2":"type-product","3":"status-publish","4":"has-post-thumbnail","6":"product_brand-geko-lenkija","7":"product_cat-pneumatines-oro-zarnos","8":"product_tag-geko-lenkija","10":"first","11":"outofstock","12":"purchasable","13":"product-type-simple"},"jetpack_sharing_enabled":true,"_links":{"self":[{"href":"https:\/\/irankiuzona.lt\/ru\/wp-json\/wp\/v2\/product\/404364","targetHints":{"allow":["GET"]}}],"collection":[{"href":"https:\/\/irankiuzona.lt\/ru\/wp-json\/wp\/v2\/product"}],"about":[{"href":"https:\/\/irankiuzona.lt\/ru\/wp-json\/wp\/v2\/types\/product"}],"replies":[{"embeddable":true,"href":"https:\/\/irankiuzona.lt\/ru\/wp-json\/wp\/v2\/comments?post=404364"}],"version-history":[{"count":1,"href":"https:\/\/irankiuzona.lt\/ru\/wp-json\/wp\/v2\/product\/404364\/revisions"}],"predecessor-version":[{"id":426103,"href":"https:\/\/irankiuzona.lt\/ru\/wp-json\/wp\/v2\/product\/404364\/revisions\/426103"}],"wp:featuredmedia":[{"embeddable":true,"href":"https:\/\/irankiuzona.lt\/ru\/wp-json\/wp\/v2\/media\/373959"}],"wp:attachment":[{"href":"https:\/\/irankiuzona.lt\/ru\/wp-json\/wp\/v2\/media?parent=404364"}],"wp:term":[{"taxonomy":"product_cat","embeddable":true,"href":"https:\/\/irankiuzona.lt\/ru\/wp-json\/wp\/v2\/product_cat?post=404364"},{"taxonomy":"product_tag","embeddable":true,"href":"https:\/\/irankiuzona.lt\/ru\/wp-json\/wp\/v2\/product_tag?post=404364"}],"curies":[{"name":"wp","href":"https:\/\/api.w.org\/{rel}","templated":true}]}}