{"id":404366,"date":"2025-05-15T18:20:39","date_gmt":"2025-05-15T18:20:39","guid":{"rendered":"https:\/\/irankiuzona.lt\/product\/gramdikliai-dazams-12vt-2\/"},"modified":"2026-04-11T01:05:47","modified_gmt":"2026-04-11T01:05:47","slug":"gramdikliai-dazams-12vt-2","status":"publish","type":"product","link":"https:\/\/irankiuzona.lt\/ru\/product\/gramdikliai-dazams-12vt-2\/","title":{"rendered":"Gramdikliai da\u017eams 12vt."},"content":{"rendered":"<p>Med\u017eiaga:Valymo peilis: ABS + TPRA\u0161menys: anglinis plienas<br \/>\n1 didelis valymo peilis + 5 vnt. a\u0161men\u0173 dydis: apie 100&#215;18 mm1 ma\u017eas valymo peilis + 5 vnt kei\u010diami peiliukai; a\u0161men\u0173 dydis: apie 39&#215;19 mm<\/p>","protected":false},"excerpt":{"rendered":"<p>Gramdikliai da\u017eams 12vt.<\/p>","protected":false},"featured_media":374231,"comment_status":"open","ping_status":"open","template":"","meta":[],"product_cat":[9736],"product_tag":[9810],"class_list":{"0":"post-404366","1":"product","2":"type-product","3":"status-publish","4":"has-post-thumbnail","6":"product_brand-geko-lenkija","7":"product_cat-peiliukai-tapetams-geleztes-peiliai","8":"product_tag-geko-lenkija","10":"first","11":"outofstock","12":"purchasable","13":"product-type-simple"},"jetpack_sharing_enabled":true,"_links":{"self":[{"href":"https:\/\/irankiuzona.lt\/ru\/wp-json\/wp\/v2\/product\/404366","targetHints":{"allow":["GET"]}}],"collection":[{"href":"https:\/\/irankiuzona.lt\/ru\/wp-json\/wp\/v2\/product"}],"about":[{"href":"https:\/\/irankiuzona.lt\/ru\/wp-json\/wp\/v2\/types\/product"}],"replies":[{"embeddable":true,"href":"https:\/\/irankiuzona.lt\/ru\/wp-json\/wp\/v2\/comments?post=404366"}],"version-history":[{"count":1,"href":"https:\/\/irankiuzona.lt\/ru\/wp-json\/wp\/v2\/product\/404366\/revisions"}],"predecessor-version":[{"id":426105,"href":"https:\/\/irankiuzona.lt\/ru\/wp-json\/wp\/v2\/product\/404366\/revisions\/426105"}],"wp:featuredmedia":[{"embeddable":true,"href":"https:\/\/irankiuzona.lt\/ru\/wp-json\/wp\/v2\/media\/374231"}],"wp:attachment":[{"href":"https:\/\/irankiuzona.lt\/ru\/wp-json\/wp\/v2\/media?parent=404366"}],"wp:term":[{"taxonomy":"product_cat","embeddable":true,"href":"https:\/\/irankiuzona.lt\/ru\/wp-json\/wp\/v2\/product_cat?post=404366"},{"taxonomy":"product_tag","embeddable":true,"href":"https:\/\/irankiuzona.lt\/ru\/wp-json\/wp\/v2\/product_tag?post=404366"}],"curies":[{"name":"wp","href":"https:\/\/api.w.org\/{rel}","templated":true}]}}