{"id":404376,"date":"2025-05-15T18:24:48","date_gmt":"2025-05-15T18:24:48","guid":{"rendered":"https:\/\/irankiuzona.lt\/product\/oranzines-nitrilines-pirstines-solid-grip-l-dydis-50vnt-2\/"},"modified":"2026-04-16T04:39:47","modified_gmt":"2026-04-16T04:39:47","slug":"oranzines-nitrilines-pirstines-solid-grip-l-dydis-50vnt-2","status":"publish","type":"product","link":"https:\/\/irankiuzona.lt\/ru\/product\/oranzines-nitrilines-pirstines-solid-grip-l-dydis-50vnt-2\/","title":{"rendered":"Oran\u017ein\u0117s nitrilin\u0117s pir\u0161tin\u0117s SOLID GRIP L dydis 50vnt."},"content":{"rendered":"<p>Dydis: L<br \/>\nSpalva: Oran\u017ein\u0117<br \/>\nMed\u017eiaga: Patvarus nitrilas<br \/>\nKiekis pakuot\u0117je: 50 vnt<br \/>\nVidinis pavir\u0161ius: chloruotas ir padengtas polimeru<br \/>\nTekst\u016bra: 3D deimant\u0173 tekst\u016bra<br \/>\nTipas: Be milteli\u0173<\/p>","protected":false},"excerpt":{"rendered":"<p>Oran\u017ein\u0117s nitrilin\u0117s pir\u0161tin\u0117s SOLID GRIP L dydis 50vnt.<\/p>","protected":false},"featured_media":386713,"comment_status":"open","ping_status":"open","template":"","meta":[],"product_cat":[9796],"product_tag":[9810],"class_list":{"0":"post-404376","1":"product","2":"type-product","3":"status-publish","4":"has-post-thumbnail","6":"product_brand-geko-lenkija","7":"product_cat-vienkartines-darbo-pirstines","8":"product_tag-geko-lenkija","10":"first","11":"instock","12":"purchasable","13":"product-type-simple"},"jetpack_sharing_enabled":true,"_links":{"self":[{"href":"https:\/\/irankiuzona.lt\/ru\/wp-json\/wp\/v2\/product\/404376","targetHints":{"allow":["GET"]}}],"collection":[{"href":"https:\/\/irankiuzona.lt\/ru\/wp-json\/wp\/v2\/product"}],"about":[{"href":"https:\/\/irankiuzona.lt\/ru\/wp-json\/wp\/v2\/types\/product"}],"replies":[{"embeddable":true,"href":"https:\/\/irankiuzona.lt\/ru\/wp-json\/wp\/v2\/comments?post=404376"}],"version-history":[{"count":1,"href":"https:\/\/irankiuzona.lt\/ru\/wp-json\/wp\/v2\/product\/404376\/revisions"}],"predecessor-version":[{"id":426243,"href":"https:\/\/irankiuzona.lt\/ru\/wp-json\/wp\/v2\/product\/404376\/revisions\/426243"}],"wp:featuredmedia":[{"embeddable":true,"href":"https:\/\/irankiuzona.lt\/ru\/wp-json\/wp\/v2\/media\/386713"}],"wp:attachment":[{"href":"https:\/\/irankiuzona.lt\/ru\/wp-json\/wp\/v2\/media?parent=404376"}],"wp:term":[{"taxonomy":"product_cat","embeddable":true,"href":"https:\/\/irankiuzona.lt\/ru\/wp-json\/wp\/v2\/product_cat?post=404376"},{"taxonomy":"product_tag","embeddable":true,"href":"https:\/\/irankiuzona.lt\/ru\/wp-json\/wp\/v2\/product_tag?post=404376"}],"curies":[{"name":"wp","href":"https:\/\/api.w.org\/{rel}","templated":true}]}}