{"id":404384,"date":"2025-05-15T18:24:57","date_gmt":"2025-05-15T18:24:57","guid":{"rendered":"https:\/\/irankiuzona.lt\/product\/karbiuratoriaus-sinchronizatorius-5\/"},"modified":"2026-04-21T23:52:33","modified_gmt":"2026-04-21T23:52:33","slug":"karbiuratoriaus-sinchronizatorius-5","status":"publish","type":"product","link":"https:\/\/irankiuzona.lt\/ru\/product\/karbiuratoriaus-sinchronizatorius-5\/","title":{"rendered":"Karbiuratoriaus sinchronizatorius"},"content":{"rendered":"<p>4 x tiksl\u016bs manometrai (93 mm skersmens)<br \/>\n4 x lanks\u010dios gumin\u0117s \u017earnos (5&#215;8 mm, 900 mm ilgio)<br \/>\n17 skirtingo skersmens ir ilgio adapteri\u0173 \u2013 leid\u017eia prijungti prie \u012fvairi\u0173 transporto priemoni\u0173 modeli\u0173.<\/p>","protected":false},"excerpt":{"rendered":"<p>Karbiuratoriaus sinchronizatorius<\/p>","protected":false},"featured_media":386725,"comment_status":"open","ping_status":"open","template":"","meta":[],"product_cat":[9550],"product_tag":[9810],"class_list":{"0":"post-404384","1":"product","2":"type-product","3":"status-publish","4":"has-post-thumbnail","6":"product_brand-geko-lenkija","7":"product_cat-kiti-matuokliai-stetoskopai-termometrai-karbiuratoriams","8":"product_tag-geko-lenkija","10":"first","11":"instock","12":"purchasable","13":"product-type-simple"},"jetpack_sharing_enabled":true,"_links":{"self":[{"href":"https:\/\/irankiuzona.lt\/ru\/wp-json\/wp\/v2\/product\/404384","targetHints":{"allow":["GET"]}}],"collection":[{"href":"https:\/\/irankiuzona.lt\/ru\/wp-json\/wp\/v2\/product"}],"about":[{"href":"https:\/\/irankiuzona.lt\/ru\/wp-json\/wp\/v2\/types\/product"}],"replies":[{"embeddable":true,"href":"https:\/\/irankiuzona.lt\/ru\/wp-json\/wp\/v2\/comments?post=404384"}],"version-history":[{"count":1,"href":"https:\/\/irankiuzona.lt\/ru\/wp-json\/wp\/v2\/product\/404384\/revisions"}],"predecessor-version":[{"id":426247,"href":"https:\/\/irankiuzona.lt\/ru\/wp-json\/wp\/v2\/product\/404384\/revisions\/426247"}],"wp:featuredmedia":[{"embeddable":true,"href":"https:\/\/irankiuzona.lt\/ru\/wp-json\/wp\/v2\/media\/386725"}],"wp:attachment":[{"href":"https:\/\/irankiuzona.lt\/ru\/wp-json\/wp\/v2\/media?parent=404384"}],"wp:term":[{"taxonomy":"product_cat","embeddable":true,"href":"https:\/\/irankiuzona.lt\/ru\/wp-json\/wp\/v2\/product_cat?post=404384"},{"taxonomy":"product_tag","embeddable":true,"href":"https:\/\/irankiuzona.lt\/ru\/wp-json\/wp\/v2\/product_tag?post=404384"}],"curies":[{"name":"wp","href":"https:\/\/api.w.org\/{rel}","templated":true}]}}