{"id":404386,"date":"2025-05-15T18:24:59","date_gmt":"2025-05-15T18:24:59","guid":{"rendered":"https:\/\/irankiuzona.lt\/product\/radiatoriaus-spaudimo-ir-ausinimo-sistemos-testavimo-komplektas-28vnt-5\/"},"modified":"2026-04-22T01:31:47","modified_gmt":"2026-04-22T01:31:47","slug":"radiatoriaus-spaudimo-ir-ausinimo-sistemos-testavimo-komplektas-28vnt-5","status":"publish","type":"product","link":"https:\/\/irankiuzona.lt\/ru\/product\/radiatoriaus-spaudimo-ir-ausinimo-sistemos-testavimo-komplektas-28vnt-5\/","title":{"rendered":"Radiatoriaus spaudimo ir au\u0161inimo sistemos testavimo komplektas, 28vnt."},"content":{"rendered":"<p>Tai prietaisas skirtas automobilio au\u0161inimo sistemai patikrinti.Prietaisas jungiamas prie automobilio au\u0161inimo sistemos i\u0161sipl\u0117timo bakelioarba tiesiai prie radiatoriaus speciali\u0173 adapteri\u0173 pagalba.Tinkamas visam standartiniam transportui.<\/p>","protected":false},"excerpt":{"rendered":"<p>Radiatoriaus spaudimo ir au\u0161inimo sistemos testavimo komplektas, 28vnt.<\/p>","protected":false},"featured_media":386728,"comment_status":"open","ping_status":"open","template":"","meta":[],"product_cat":[9563],"product_tag":[9810],"class_list":{"0":"post-404386","1":"product","2":"type-product","3":"status-publish","4":"has-post-thumbnail","6":"product_brand-geko-lenkija","7":"product_cat-irankiai-ausinimo-sistemai","8":"product_tag-geko-lenkija","10":"first","11":"outofstock","12":"purchasable","13":"product-type-simple"},"jetpack_sharing_enabled":true,"_links":{"self":[{"href":"https:\/\/irankiuzona.lt\/ru\/wp-json\/wp\/v2\/product\/404386","targetHints":{"allow":["GET"]}}],"collection":[{"href":"https:\/\/irankiuzona.lt\/ru\/wp-json\/wp\/v2\/product"}],"about":[{"href":"https:\/\/irankiuzona.lt\/ru\/wp-json\/wp\/v2\/types\/product"}],"replies":[{"embeddable":true,"href":"https:\/\/irankiuzona.lt\/ru\/wp-json\/wp\/v2\/comments?post=404386"}],"version-history":[{"count":1,"href":"https:\/\/irankiuzona.lt\/ru\/wp-json\/wp\/v2\/product\/404386\/revisions"}],"predecessor-version":[{"id":426248,"href":"https:\/\/irankiuzona.lt\/ru\/wp-json\/wp\/v2\/product\/404386\/revisions\/426248"}],"wp:featuredmedia":[{"embeddable":true,"href":"https:\/\/irankiuzona.lt\/ru\/wp-json\/wp\/v2\/media\/386728"}],"wp:attachment":[{"href":"https:\/\/irankiuzona.lt\/ru\/wp-json\/wp\/v2\/media?parent=404386"}],"wp:term":[{"taxonomy":"product_cat","embeddable":true,"href":"https:\/\/irankiuzona.lt\/ru\/wp-json\/wp\/v2\/product_cat?post=404386"},{"taxonomy":"product_tag","embeddable":true,"href":"https:\/\/irankiuzona.lt\/ru\/wp-json\/wp\/v2\/product_tag?post=404386"}],"curies":[{"name":"wp","href":"https:\/\/api.w.org\/{rel}","templated":true}]}}