{"id":404388,"date":"2025-05-15T18:25:01","date_gmt":"2025-05-15T18:25:01","guid":{"rendered":"https:\/\/irankiuzona.lt\/product\/led-darbo-lempa-slim-450-lm-ikraunama-2\/"},"modified":"2026-04-22T03:08:31","modified_gmt":"2026-04-22T03:08:31","slug":"led-darbo-lempa-slim-450-lm-ikraunama-2","status":"publish","type":"product","link":"https:\/\/irankiuzona.lt\/ru\/product\/led-darbo-lempa-slim-450-lm-ikraunama-2\/","title":{"rendered":"LED darbo lempa SLIM, 450 lm \/ \u012fkraunama"},"content":{"rendered":"<p>\u0160viesos \u0161altinis: 10W COB LED\u0160viesos srautas: 450 lmMaitinimas: \u012ekraunama baterijaBaterijos talpa: 1800 mAhVeikimo laikas: 4 valandosDarbin\u0117 temperat\u016bra: -45\u00b0C iki 50\u00b0CIzoliacijos klas\u0117: IP44 (atsparumas dulk\u0117ms ir purslams)Spindulio kampas: 120\u00b0CRI (spalv\u0173 perteikimo indeksas): >80 RaRy\u0161kumo reguliavimas: sklandusMontavimo parinktys: 360\u00b0 magnetinis tvirtinimasPapildomas kabliukas: Taip, pakabinimui\u012ekrovimas: Micro USBMatmenys: 37,5 x 3,5 x 2,6 cm<\/p>","protected":false},"excerpt":{"rendered":"<p>LED darbo lempa SLIM, 450 lm \/ \u012fkraunama<\/p>","protected":false},"featured_media":386856,"comment_status":"open","ping_status":"open","template":"","meta":[],"product_cat":[9854],"product_tag":[9810],"class_list":{"0":"post-404388","1":"product","2":"type-product","3":"status-publish","4":"has-post-thumbnail","6":"product_brand-geko-lenkija","7":"product_cat-lempos-ikraunamos","8":"product_tag-geko-lenkija","10":"first","11":"instock","12":"purchasable","13":"product-type-simple"},"jetpack_sharing_enabled":true,"_links":{"self":[{"href":"https:\/\/irankiuzona.lt\/ru\/wp-json\/wp\/v2\/product\/404388","targetHints":{"allow":["GET"]}}],"collection":[{"href":"https:\/\/irankiuzona.lt\/ru\/wp-json\/wp\/v2\/product"}],"about":[{"href":"https:\/\/irankiuzona.lt\/ru\/wp-json\/wp\/v2\/types\/product"}],"replies":[{"embeddable":true,"href":"https:\/\/irankiuzona.lt\/ru\/wp-json\/wp\/v2\/comments?post=404388"}],"version-history":[{"count":1,"href":"https:\/\/irankiuzona.lt\/ru\/wp-json\/wp\/v2\/product\/404388\/revisions"}],"predecessor-version":[{"id":426249,"href":"https:\/\/irankiuzona.lt\/ru\/wp-json\/wp\/v2\/product\/404388\/revisions\/426249"}],"wp:featuredmedia":[{"embeddable":true,"href":"https:\/\/irankiuzona.lt\/ru\/wp-json\/wp\/v2\/media\/386856"}],"wp:attachment":[{"href":"https:\/\/irankiuzona.lt\/ru\/wp-json\/wp\/v2\/media?parent=404388"}],"wp:term":[{"taxonomy":"product_cat","embeddable":true,"href":"https:\/\/irankiuzona.lt\/ru\/wp-json\/wp\/v2\/product_cat?post=404388"},{"taxonomy":"product_tag","embeddable":true,"href":"https:\/\/irankiuzona.lt\/ru\/wp-json\/wp\/v2\/product_tag?post=404388"}],"curies":[{"name":"wp","href":"https:\/\/api.w.org\/{rel}","templated":true}]}}