{"id":404390,"date":"2025-05-15T18:27:00","date_gmt":"2025-05-15T18:27:00","guid":{"rendered":"https:\/\/irankiuzona.lt\/product\/suvirintojo-pirstines-10dydis-yellow\/"},"modified":"2026-04-22T05:07:00","modified_gmt":"2026-04-22T05:07:00","slug":"suvirintojo-pirstines-10dydis-yellow","status":"publish","type":"product","link":"https:\/\/irankiuzona.lt\/ru\/product\/suvirintojo-pirstines-10dydis-yellow\/","title":{"rendered":"Suvirintojo pir\u0161tin\u0117s 10dydis yellow"},"content":{"rendered":"<p>Med\u017eiaga-Versta karv\u0117s oda.Apsauginiai standartai: EN ISO 21420[A\u01411] , EN ISO 12477 A tipas, EN ISO 388 (4243X) EN ISO 407 (413X4X);Si\u016bl\u0117s: kevlaro si\u016blai;MIG\/MAG suvirinimas.<\/p>\n","protected":false},"excerpt":{"rendered":"<p>Suvirintojo pir\u0161tin\u0117s 10dydis yellow<\/p>","protected":false},"featured_media":404392,"comment_status":"open","ping_status":"open","template":"","meta":[],"product_cat":[10033],"product_tag":[9969],"class_list":{"0":"post-404390","1":"product","2":"type-product","3":"status-publish","4":"has-post-thumbnail","6":"product_brand-hogert-technik-vokietija","7":"product_cat-suvirinimo-pirstines","8":"product_tag-hogert-technik-vokietija","10":"first","11":"instock","12":"purchasable","13":"product-type-simple"},"jetpack_sharing_enabled":true,"_links":{"self":[{"href":"https:\/\/irankiuzona.lt\/ru\/wp-json\/wp\/v2\/product\/404390","targetHints":{"allow":["GET"]}}],"collection":[{"href":"https:\/\/irankiuzona.lt\/ru\/wp-json\/wp\/v2\/product"}],"about":[{"href":"https:\/\/irankiuzona.lt\/ru\/wp-json\/wp\/v2\/types\/product"}],"replies":[{"embeddable":true,"href":"https:\/\/irankiuzona.lt\/ru\/wp-json\/wp\/v2\/comments?post=404390"}],"version-history":[{"count":1,"href":"https:\/\/irankiuzona.lt\/ru\/wp-json\/wp\/v2\/product\/404390\/revisions"}],"predecessor-version":[{"id":426329,"href":"https:\/\/irankiuzona.lt\/ru\/wp-json\/wp\/v2\/product\/404390\/revisions\/426329"}],"wp:featuredmedia":[{"embeddable":true,"href":"https:\/\/irankiuzona.lt\/ru\/wp-json\/wp\/v2\/media\/404392"}],"wp:attachment":[{"href":"https:\/\/irankiuzona.lt\/ru\/wp-json\/wp\/v2\/media?parent=404390"}],"wp:term":[{"taxonomy":"product_cat","embeddable":true,"href":"https:\/\/irankiuzona.lt\/ru\/wp-json\/wp\/v2\/product_cat?post=404390"},{"taxonomy":"product_tag","embeddable":true,"href":"https:\/\/irankiuzona.lt\/ru\/wp-json\/wp\/v2\/product_tag?post=404390"}],"curies":[{"name":"wp","href":"https:\/\/api.w.org\/{rel}","templated":true}]}}