{"id":404402,"date":"2025-05-15T18:27:13","date_gmt":"2025-05-15T18:27:13","guid":{"rendered":"https:\/\/irankiuzona.lt\/product\/irankiu-vezimelis-7-stalciu-su-270-irankiais\/"},"modified":"2026-04-22T10:32:35","modified_gmt":"2026-04-22T10:32:35","slug":"irankiu-vezimelis-7-stalciu-su-270-irankiais","status":"publish","type":"product","link":"https:\/\/irankiuzona.lt\/ru\/product\/irankiu-vezimelis-7-stalciu-su-270-irankiais\/","title":{"rendered":"\u012eranki\u0173 ve\u017eim\u0117lis 7 stal\u010di\u0173 su 270 \u012frankiais"},"content":{"rendered":"<p>1 stal\u010dius:\u012eranki\u0173 komplektas 1\/2 ter\u0161kl\u0117s \/ 28dali\u0173\u012eranki\u0173 komplektas 3\/8 terk\u0161l\u0117s \/ 33dali\u0173\u012eranki\u0173 komplektas 1\/4 terk\u0161l\u0117s \/ 63dali\u0173<br \/>\n2 stal\u010dius:Lenkt\u0173, kilpini\u0173 rakt\u0173 komplektas (6-19 mm)Kombinuot\u0173 rakt\u0173 komplektas 22-32mmKombinuot\u0173 rakt\u0173 komplektas (6-21mm)<br \/>\n3 stal\u010dius:Sm\u016bgini\u0173 ilg\u0173 galvu\u010di\u0173 komplektas 1\/2&#8243; 6k. \/ 10-32mmIlg\u0173 galvu\u010di\u0173 komplektas 1\/2&#8243; 6k. (10-24 mm)Antgali\u0173 komplektas (TORX, HEX, SPLINE)<br \/>\n4 stal\u010dius:Terk\u0161lini\u0173 rakt\u0173 vartomu galu komplektas 8-21 mm Repli\u0173 fiksavimo \u017eiedams komplektas (180mm)Repli\u0173 komplektas<br \/>\n5 stal\u010dius:Atsuktuv\u0173 ( &#8211; ) komplektasAtsuktuv\u0173 ( + ) komplektasKalt\u0173 komplektas su plaktuku 13vnt<\/p>","protected":false},"excerpt":{"rendered":"<p>\u012eranki\u0173 ve\u017eim\u0117lis 7 stal\u010di\u0173 su 270 \u012frankiais<\/p>","protected":false},"featured_media":404404,"comment_status":"open","ping_status":"closed","template":"","meta":[],"product_cat":[9943],"product_tag":[9969],"class_list":{"0":"post-404402","1":"product","2":"type-product","3":"status-publish","4":"has-post-thumbnail","6":"product_brand-hogert-technik-vokietija","7":"product_cat-vezimeliai-irankiu-spintos","8":"product_tag-hogert-technik-vokietija","10":"first","11":"outofstock","12":"purchasable","13":"product-type-simple"},"jetpack_sharing_enabled":true,"_links":{"self":[{"href":"https:\/\/irankiuzona.lt\/ru\/wp-json\/wp\/v2\/product\/404402","targetHints":{"allow":["GET"]}}],"collection":[{"href":"https:\/\/irankiuzona.lt\/ru\/wp-json\/wp\/v2\/product"}],"about":[{"href":"https:\/\/irankiuzona.lt\/ru\/wp-json\/wp\/v2\/types\/product"}],"replies":[{"embeddable":true,"href":"https:\/\/irankiuzona.lt\/ru\/wp-json\/wp\/v2\/comments?post=404402"}],"version-history":[{"count":2,"href":"https:\/\/irankiuzona.lt\/ru\/wp-json\/wp\/v2\/product\/404402\/revisions"}],"predecessor-version":[{"id":431131,"href":"https:\/\/irankiuzona.lt\/ru\/wp-json\/wp\/v2\/product\/404402\/revisions\/431131"}],"wp:featuredmedia":[{"embeddable":true,"href":"https:\/\/irankiuzona.lt\/ru\/wp-json\/wp\/v2\/media\/404404"}],"wp:attachment":[{"href":"https:\/\/irankiuzona.lt\/ru\/wp-json\/wp\/v2\/media?parent=404402"}],"wp:term":[{"taxonomy":"product_cat","embeddable":true,"href":"https:\/\/irankiuzona.lt\/ru\/wp-json\/wp\/v2\/product_cat?post=404402"},{"taxonomy":"product_tag","embeddable":true,"href":"https:\/\/irankiuzona.lt\/ru\/wp-json\/wp\/v2\/product_tag?post=404402"}],"curies":[{"name":"wp","href":"https:\/\/api.w.org\/{rel}","templated":true}]}}