{"id":404405,"date":"2025-05-15T18:27:18","date_gmt":"2025-05-15T18:27:18","guid":{"rendered":"https:\/\/irankiuzona.lt\/product\/didelis-ivairiu-raktu-komplektas-paklodeje-47daliu\/"},"modified":"2026-04-22T12:54:37","modified_gmt":"2026-04-22T12:54:37","slug":"didelis-ivairiu-raktu-komplektas-paklodeje-47daliu","status":"publish","type":"product","link":"https:\/\/irankiuzona.lt\/ru\/product\/didelis-ivairiu-raktu-komplektas-paklodeje-47daliu\/","title":{"rendered":"Didelis \u012fvairi\u0173 rakt\u0173 komplektas paklod\u0117je 47dali\u0173"},"content":{"rendered":"<p>24 vnt kombinuot\u0173 ver\u017eliarak\u010di\u0173 dydis:6,7,8,9,10,11,12,13,14,15,16,17,18,19,20,21,22,23,24,26,27,28,30,32 mm.8 vnt Kilpiniai ver\u017eliarak\u010diai, dydis 6\u00d77,8\u00d79,10\u00d711,12\u00d713,14\u00d715,16\u00d717,18\u00d719,20\u00d722 mm.6 vnt Stabd\u017ei\u0173 vamzdeliams ver\u017eliarak\u010diai 8\u00d710,9\u00d711,10\u00d712,13\u00d714,15\u00d717,16\u00d718 mm.5 vnt C tipo \u017diediniai ver\u017eliarak\u010diai 10xx11,12\u00d713,14\u00d715,16\u00d717,18x19mm.4 vnt Torx ver\u017eliarak\u010diai E6xE8, E10xE12, E14xE18, E20xE24 mm.<\/p>","protected":false},"excerpt":{"rendered":"<p>Didelis \u012fvairi\u0173 rakt\u0173 komplektas paklod\u0117je 47dali\u0173<\/p>","protected":false},"featured_media":404407,"comment_status":"open","ping_status":"open","template":"","meta":[],"product_cat":[9517],"product_tag":[9969],"class_list":{"0":"post-404405","1":"product","2":"type-product","3":"status-publish","4":"has-post-thumbnail","6":"product_brand-hogert-technik-vokietija","7":"product_cat-kombinuotu-raktu-komplektai","8":"product_tag-hogert-technik-vokietija","10":"first","11":"instock","12":"purchasable","13":"product-type-simple"},"jetpack_sharing_enabled":true,"_links":{"self":[{"href":"https:\/\/irankiuzona.lt\/ru\/wp-json\/wp\/v2\/product\/404405","targetHints":{"allow":["GET"]}}],"collection":[{"href":"https:\/\/irankiuzona.lt\/ru\/wp-json\/wp\/v2\/product"}],"about":[{"href":"https:\/\/irankiuzona.lt\/ru\/wp-json\/wp\/v2\/types\/product"}],"replies":[{"embeddable":true,"href":"https:\/\/irankiuzona.lt\/ru\/wp-json\/wp\/v2\/comments?post=404405"}],"version-history":[{"count":1,"href":"https:\/\/irankiuzona.lt\/ru\/wp-json\/wp\/v2\/product\/404405\/revisions"}],"predecessor-version":[{"id":426338,"href":"https:\/\/irankiuzona.lt\/ru\/wp-json\/wp\/v2\/product\/404405\/revisions\/426338"}],"wp:featuredmedia":[{"embeddable":true,"href":"https:\/\/irankiuzona.lt\/ru\/wp-json\/wp\/v2\/media\/404407"}],"wp:attachment":[{"href":"https:\/\/irankiuzona.lt\/ru\/wp-json\/wp\/v2\/media?parent=404405"}],"wp:term":[{"taxonomy":"product_cat","embeddable":true,"href":"https:\/\/irankiuzona.lt\/ru\/wp-json\/wp\/v2\/product_cat?post=404405"},{"taxonomy":"product_tag","embeddable":true,"href":"https:\/\/irankiuzona.lt\/ru\/wp-json\/wp\/v2\/product_tag?post=404405"}],"curies":[{"name":"wp","href":"https:\/\/api.w.org\/{rel}","templated":true}]}}