{"id":404408,"date":"2025-05-15T18:27:20","date_gmt":"2025-05-15T18:27:20","guid":{"rendered":"https:\/\/irankiuzona.lt\/product\/kombinuotu-universaliu-raktu-komplektas-10-19mm\/"},"modified":"2026-04-22T15:29:21","modified_gmt":"2026-04-22T15:29:21","slug":"kombinuotu-universaliu-raktu-komplektas-10-19mm","status":"publish","type":"product","link":"https:\/\/irankiuzona.lt\/ru\/product\/kombinuotu-universaliu-raktu-komplektas-10-19mm\/","title":{"rendered":"Kombinuot\u0173 universali\u0173 rakt\u0173 komplektas (10-19mm)"},"content":{"rendered":"<p>Ver\u017eliarak\u010di\u0173 dyd\u017eiai: 10,11,13,15,17,19 mm Metrinis\/Colinis\/Torx;Forma: elips\u0117s formos;Apdaila: satino apdaila;Plienas: CrV.<\/p>","protected":false},"excerpt":{"rendered":"<p>Kombinuot\u0173 universali\u0173 rakt\u0173 komplektas (10-19mm)<\/p>","protected":false},"featured_media":404410,"comment_status":"open","ping_status":"open","template":"","meta":[],"product_cat":[9517],"product_tag":[9969],"class_list":{"0":"post-404408","1":"product","2":"type-product","3":"status-publish","4":"has-post-thumbnail","6":"product_brand-hogert-technik-vokietija","7":"product_cat-kombinuotu-raktu-komplektai","8":"product_tag-hogert-technik-vokietija","10":"first","11":"instock","12":"purchasable","13":"product-type-simple"},"jetpack_sharing_enabled":true,"_links":{"self":[{"href":"https:\/\/irankiuzona.lt\/ru\/wp-json\/wp\/v2\/product\/404408","targetHints":{"allow":["GET"]}}],"collection":[{"href":"https:\/\/irankiuzona.lt\/ru\/wp-json\/wp\/v2\/product"}],"about":[{"href":"https:\/\/irankiuzona.lt\/ru\/wp-json\/wp\/v2\/types\/product"}],"replies":[{"embeddable":true,"href":"https:\/\/irankiuzona.lt\/ru\/wp-json\/wp\/v2\/comments?post=404408"}],"version-history":[{"count":1,"href":"https:\/\/irankiuzona.lt\/ru\/wp-json\/wp\/v2\/product\/404408\/revisions"}],"predecessor-version":[{"id":426339,"href":"https:\/\/irankiuzona.lt\/ru\/wp-json\/wp\/v2\/product\/404408\/revisions\/426339"}],"wp:featuredmedia":[{"embeddable":true,"href":"https:\/\/irankiuzona.lt\/ru\/wp-json\/wp\/v2\/media\/404410"}],"wp:attachment":[{"href":"https:\/\/irankiuzona.lt\/ru\/wp-json\/wp\/v2\/media?parent=404408"}],"wp:term":[{"taxonomy":"product_cat","embeddable":true,"href":"https:\/\/irankiuzona.lt\/ru\/wp-json\/wp\/v2\/product_cat?post=404408"},{"taxonomy":"product_tag","embeddable":true,"href":"https:\/\/irankiuzona.lt\/ru\/wp-json\/wp\/v2\/product_tag?post=404408"}],"curies":[{"name":"wp","href":"https:\/\/api.w.org\/{rel}","templated":true}]}}