{"id":404411,"date":"2025-05-15T18:28:45","date_gmt":"2025-05-15T18:28:45","guid":{"rendered":"https:\/\/irankiuzona.lt\/product\/peilis-lauzoma-gelezte-18mm-aliuminis\/"},"modified":"2026-04-22T16:57:39","modified_gmt":"2026-04-22T16:57:39","slug":"peilis-lauzoma-gelezte-18mm-aliuminis","status":"publish","type":"product","link":"https:\/\/irankiuzona.lt\/ru\/product\/peilis-lauzoma-gelezte-18mm-aliuminis\/","title":{"rendered":"Peilis lau\u017eoma gele\u017ete 18mm aliuminis"},"content":{"rendered":"<p>SK5 plieno gele\u017et\u0117;speciali kreipiamojo mechanizmo konstrukcija, apsaugota nuo a\u0161men\u0173 i\u0161traukimo iki 60 kg j\u0117ga;<\/p>","protected":false},"excerpt":{"rendered":"<p>Peilis lau\u017eoma gele\u017ete 18mm aliuminis<\/p>","protected":false},"featured_media":404413,"comment_status":"open","ping_status":"open","template":"","meta":[],"product_cat":[9736],"product_tag":[9969],"class_list":{"0":"post-404411","1":"product","2":"type-product","3":"status-publish","4":"has-post-thumbnail","6":"product_brand-hogert-technik-vokietija","7":"product_cat-peiliukai-tapetams-geleztes-peiliai","8":"product_tag-hogert-technik-vokietija","10":"first","11":"instock","12":"purchasable","13":"product-type-simple"},"jetpack_sharing_enabled":true,"_links":{"self":[{"href":"https:\/\/irankiuzona.lt\/ru\/wp-json\/wp\/v2\/product\/404411","targetHints":{"allow":["GET"]}}],"collection":[{"href":"https:\/\/irankiuzona.lt\/ru\/wp-json\/wp\/v2\/product"}],"about":[{"href":"https:\/\/irankiuzona.lt\/ru\/wp-json\/wp\/v2\/types\/product"}],"replies":[{"embeddable":true,"href":"https:\/\/irankiuzona.lt\/ru\/wp-json\/wp\/v2\/comments?post=404411"}],"version-history":[{"count":1,"href":"https:\/\/irankiuzona.lt\/ru\/wp-json\/wp\/v2\/product\/404411\/revisions"}],"predecessor-version":[{"id":426405,"href":"https:\/\/irankiuzona.lt\/ru\/wp-json\/wp\/v2\/product\/404411\/revisions\/426405"}],"wp:featuredmedia":[{"embeddable":true,"href":"https:\/\/irankiuzona.lt\/ru\/wp-json\/wp\/v2\/media\/404413"}],"wp:attachment":[{"href":"https:\/\/irankiuzona.lt\/ru\/wp-json\/wp\/v2\/media?parent=404411"}],"wp:term":[{"taxonomy":"product_cat","embeddable":true,"href":"https:\/\/irankiuzona.lt\/ru\/wp-json\/wp\/v2\/product_cat?post=404411"},{"taxonomy":"product_tag","embeddable":true,"href":"https:\/\/irankiuzona.lt\/ru\/wp-json\/wp\/v2\/product_tag?post=404411"}],"curies":[{"name":"wp","href":"https:\/\/api.w.org\/{rel}","templated":true}]}}