{"id":404414,"date":"2025-05-15T18:29:10","date_gmt":"2025-05-15T18:29:10","guid":{"rendered":"https:\/\/irankiuzona.lt\/product\/prailgintas-graztas-metalui-o6-x-260mm\/"},"modified":"2026-04-26T09:47:05","modified_gmt":"2026-04-26T09:47:05","slug":"prailgintas-graztas-metalui-o6-x-260mm","status":"publish","type":"product","link":"https:\/\/irankiuzona.lt\/ru\/product\/prailgintas-graztas-metalui-o6-x-260mm\/","title":{"rendered":"Prailgintas gr\u0105\u017etas metalui \u00f86 x 260mm"},"content":{"rendered":"<p>Ilgis &#8211; 260 mm;skersmuo &#8211; 6 mm;galandimas \u2013 savaiminio centravimo gr\u0119\u017eimas.kampas &#8211; 135 \u00b0;kotas &#8211; cilindrinis;standartas &#8211; DIN 338;<\/p>","protected":false},"excerpt":{"rendered":"<p>Prailgintas gr\u0105\u017etas metalui \u00f86 x 260mm<\/p>","protected":false},"featured_media":404416,"comment_status":"open","ping_status":"open","template":"","meta":[],"product_cat":[9712],"product_tag":[9969],"class_list":{"0":"post-404414","1":"product","2":"type-product","3":"status-publish","4":"has-post-thumbnail","6":"product_brand-hogert-technik-vokietija","7":"product_cat-graztai-metalui-hss-din338","8":"product_tag-hogert-technik-vokietija","10":"first","11":"instock","12":"purchasable","13":"product-type-simple"},"jetpack_sharing_enabled":true,"_links":{"self":[{"href":"https:\/\/irankiuzona.lt\/ru\/wp-json\/wp\/v2\/product\/404414","targetHints":{"allow":["GET"]}}],"collection":[{"href":"https:\/\/irankiuzona.lt\/ru\/wp-json\/wp\/v2\/product"}],"about":[{"href":"https:\/\/irankiuzona.lt\/ru\/wp-json\/wp\/v2\/types\/product"}],"replies":[{"embeddable":true,"href":"https:\/\/irankiuzona.lt\/ru\/wp-json\/wp\/v2\/comments?post=404414"}],"version-history":[{"count":1,"href":"https:\/\/irankiuzona.lt\/ru\/wp-json\/wp\/v2\/product\/404414\/revisions"}],"predecessor-version":[{"id":426420,"href":"https:\/\/irankiuzona.lt\/ru\/wp-json\/wp\/v2\/product\/404414\/revisions\/426420"}],"wp:featuredmedia":[{"embeddable":true,"href":"https:\/\/irankiuzona.lt\/ru\/wp-json\/wp\/v2\/media\/404416"}],"wp:attachment":[{"href":"https:\/\/irankiuzona.lt\/ru\/wp-json\/wp\/v2\/media?parent=404414"}],"wp:term":[{"taxonomy":"product_cat","embeddable":true,"href":"https:\/\/irankiuzona.lt\/ru\/wp-json\/wp\/v2\/product_cat?post=404414"},{"taxonomy":"product_tag","embeddable":true,"href":"https:\/\/irankiuzona.lt\/ru\/wp-json\/wp\/v2\/product_tag?post=404414"}],"curies":[{"name":"wp","href":"https:\/\/api.w.org\/{rel}","templated":true}]}}