{"id":404429,"date":"2025-05-15T18:29:23","date_gmt":"2025-05-15T18:29:23","guid":{"rendered":"https:\/\/irankiuzona.lt\/product\/prailgintas-graztas-metalui-o4-x-175mm\/"},"modified":"2026-04-23T06:44:41","modified_gmt":"2026-04-23T06:44:41","slug":"prailgintas-graztas-metalui-o4-x-175mm","status":"publish","type":"product","link":"https:\/\/irankiuzona.lt\/ru\/product\/prailgintas-graztas-metalui-o4-x-175mm\/","title":{"rendered":"Prailgintas gr\u0105\u017etas metalui \u00f84 x 175mm"},"content":{"rendered":"<p>Ilgis &#8211; 175 mm;skersmuo &#8211; 4 mm;galandimas \u2013 savaiminio centravimo gr\u0119\u017eimas.kampas &#8211; 135 \u00b0;kotas &#8211; cilindrinis;standartas &#8211; DIN 338;<\/p>","protected":false},"excerpt":{"rendered":"<p>Prailgintas gr\u0105\u017etas metalui \u00f84 x 175mm<\/p>","protected":false},"featured_media":404431,"comment_status":"open","ping_status":"open","template":"","meta":[],"product_cat":[9712],"product_tag":[9969],"class_list":{"0":"post-404429","1":"product","2":"type-product","3":"status-publish","4":"has-post-thumbnail","6":"product_brand-hogert-technik-vokietija","7":"product_cat-graztai-metalui-hss-din338","8":"product_tag-hogert-technik-vokietija","10":"first","11":"outofstock","12":"purchasable","13":"product-type-simple"},"jetpack_sharing_enabled":true,"_links":{"self":[{"href":"https:\/\/irankiuzona.lt\/ru\/wp-json\/wp\/v2\/product\/404429","targetHints":{"allow":["GET"]}}],"collection":[{"href":"https:\/\/irankiuzona.lt\/ru\/wp-json\/wp\/v2\/product"}],"about":[{"href":"https:\/\/irankiuzona.lt\/ru\/wp-json\/wp\/v2\/types\/product"}],"replies":[{"embeddable":true,"href":"https:\/\/irankiuzona.lt\/ru\/wp-json\/wp\/v2\/comments?post=404429"}],"version-history":[{"count":1,"href":"https:\/\/irankiuzona.lt\/ru\/wp-json\/wp\/v2\/product\/404429\/revisions"}],"predecessor-version":[{"id":426425,"href":"https:\/\/irankiuzona.lt\/ru\/wp-json\/wp\/v2\/product\/404429\/revisions\/426425"}],"wp:featuredmedia":[{"embeddable":true,"href":"https:\/\/irankiuzona.lt\/ru\/wp-json\/wp\/v2\/media\/404431"}],"wp:attachment":[{"href":"https:\/\/irankiuzona.lt\/ru\/wp-json\/wp\/v2\/media?parent=404429"}],"wp:term":[{"taxonomy":"product_cat","embeddable":true,"href":"https:\/\/irankiuzona.lt\/ru\/wp-json\/wp\/v2\/product_cat?post=404429"},{"taxonomy":"product_tag","embeddable":true,"href":"https:\/\/irankiuzona.lt\/ru\/wp-json\/wp\/v2\/product_tag?post=404429"}],"curies":[{"name":"wp","href":"https:\/\/api.w.org\/{rel}","templated":true}]}}