{"id":404489,"date":"2025-05-15T18:30:40","date_gmt":"2025-05-15T18:30:40","guid":{"rendered":"https:\/\/irankiuzona.lt\/product\/prailgintas-graztas-metalui-o13-x-480mm\/"},"modified":"2026-04-26T17:07:02","modified_gmt":"2026-04-26T17:07:02","slug":"prailgintas-graztas-metalui-o13-x-480mm","status":"publish","type":"product","link":"https:\/\/irankiuzona.lt\/ru\/product\/prailgintas-graztas-metalui-o13-x-480mm\/","title":{"rendered":"Prailgintas gr\u0105\u017etas metalui \u00f813 x 480mm"},"content":{"rendered":"<p>Ilgis &#8211; 480 mm;skersmuo &#8211; 13 mm;galandimas \u2013 savaiminio centravimo gr\u0119\u017eimas.kampas &#8211; 135 \u00b0;kotas &#8211; cilindrinis;standartas &#8211; DIN 338;<\/p>","protected":false},"excerpt":{"rendered":"<p>Prailgintas gr\u0105\u017etas metalui \u00f813 x 480mm<\/p>","protected":false},"featured_media":404491,"comment_status":"open","ping_status":"open","template":"","meta":[],"product_cat":[9712],"product_tag":[9969],"class_list":{"0":"post-404489","1":"product","2":"type-product","3":"status-publish","4":"has-post-thumbnail","6":"product_brand-hogert-technik-vokietija","7":"product_cat-graztai-metalui-hss-din338","8":"product_tag-hogert-technik-vokietija","10":"first","11":"instock","12":"purchasable","13":"product-type-simple"},"jetpack_sharing_enabled":true,"_links":{"self":[{"href":"https:\/\/irankiuzona.lt\/ru\/wp-json\/wp\/v2\/product\/404489","targetHints":{"allow":["GET"]}}],"collection":[{"href":"https:\/\/irankiuzona.lt\/ru\/wp-json\/wp\/v2\/product"}],"about":[{"href":"https:\/\/irankiuzona.lt\/ru\/wp-json\/wp\/v2\/types\/product"}],"replies":[{"embeddable":true,"href":"https:\/\/irankiuzona.lt\/ru\/wp-json\/wp\/v2\/comments?post=404489"}],"version-history":[{"count":1,"href":"https:\/\/irankiuzona.lt\/ru\/wp-json\/wp\/v2\/product\/404489\/revisions"}],"predecessor-version":[{"id":426445,"href":"https:\/\/irankiuzona.lt\/ru\/wp-json\/wp\/v2\/product\/404489\/revisions\/426445"}],"wp:featuredmedia":[{"embeddable":true,"href":"https:\/\/irankiuzona.lt\/ru\/wp-json\/wp\/v2\/media\/404491"}],"wp:attachment":[{"href":"https:\/\/irankiuzona.lt\/ru\/wp-json\/wp\/v2\/media?parent=404489"}],"wp:term":[{"taxonomy":"product_cat","embeddable":true,"href":"https:\/\/irankiuzona.lt\/ru\/wp-json\/wp\/v2\/product_cat?post=404489"},{"taxonomy":"product_tag","embeddable":true,"href":"https:\/\/irankiuzona.lt\/ru\/wp-json\/wp\/v2\/product_tag?post=404489"}],"curies":[{"name":"wp","href":"https:\/\/api.w.org\/{rel}","templated":true}]}}