{"id":404531,"date":"2025-05-15T18:31:36","date_gmt":"2025-05-15T18:31:36","guid":{"rendered":"https:\/\/irankiuzona.lt\/product\/irankiu-vezimelis-7-stalciu-premium-be-irankiu\/"},"modified":"2026-04-27T17:04:02","modified_gmt":"2026-04-27T17:04:02","slug":"irankiu-vezimelis-7-stalciu-premium-be-irankiu","status":"publish","type":"product","link":"https:\/\/irankiuzona.lt\/ru\/product\/irankiu-vezimelis-7-stalciu-premium-be-irankiu\/","title":{"rendered":"\u012eranki\u0173 ve\u017eim\u0117lis 7 stal\u010di\u0173 PREMIUM , be \u012franki\u0173"},"content":{"rendered":"<p>Ner\u016bdijan\u010dio plieno stalvir\u0161is su buteliuk\u0173 laikikliais ir skyreliais smulkioms dalimsApsauga nuo daugiau nei vieno stal\u010diaus i\u0161traukimo- 7 stal\u010diai\u2013 5 stal\u010diai, kuri\u0173 i\u0161matavimai: 550 x 400 x 75 mm\u2013 2 stal\u010diai, kuri\u0173 i\u0161matavimai: 550 x 400 x 154 mm- Ve\u017eim\u0117lio matmenys: 785 x 465 x 998 mm<\/p>","protected":false},"excerpt":{"rendered":"<p>\u012eranki\u0173 ve\u017eim\u0117lis 7 stal\u010di\u0173 PREMIUM , be \u012franki\u0173<\/p>","protected":false},"featured_media":404533,"comment_status":"open","ping_status":"closed","template":"","meta":[],"product_cat":[9943],"product_tag":[9969],"class_list":{"0":"post-404531","1":"product","2":"type-product","3":"status-publish","4":"has-post-thumbnail","6":"product_brand-hogert-technik-vokietija","7":"product_cat-vezimeliai-irankiu-spintos","8":"product_tag-hogert-technik-vokietija","10":"first","11":"instock","12":"purchasable","13":"product-type-simple"},"jetpack_sharing_enabled":true,"_links":{"self":[{"href":"https:\/\/irankiuzona.lt\/ru\/wp-json\/wp\/v2\/product\/404531","targetHints":{"allow":["GET"]}}],"collection":[{"href":"https:\/\/irankiuzona.lt\/ru\/wp-json\/wp\/v2\/product"}],"about":[{"href":"https:\/\/irankiuzona.lt\/ru\/wp-json\/wp\/v2\/types\/product"}],"replies":[{"embeddable":true,"href":"https:\/\/irankiuzona.lt\/ru\/wp-json\/wp\/v2\/comments?post=404531"}],"version-history":[{"count":1,"href":"https:\/\/irankiuzona.lt\/ru\/wp-json\/wp\/v2\/product\/404531\/revisions"}],"predecessor-version":[{"id":426469,"href":"https:\/\/irankiuzona.lt\/ru\/wp-json\/wp\/v2\/product\/404531\/revisions\/426469"}],"wp:featuredmedia":[{"embeddable":true,"href":"https:\/\/irankiuzona.lt\/ru\/wp-json\/wp\/v2\/media\/404533"}],"wp:attachment":[{"href":"https:\/\/irankiuzona.lt\/ru\/wp-json\/wp\/v2\/media?parent=404531"}],"wp:term":[{"taxonomy":"product_cat","embeddable":true,"href":"https:\/\/irankiuzona.lt\/ru\/wp-json\/wp\/v2\/product_cat?post=404531"},{"taxonomy":"product_tag","embeddable":true,"href":"https:\/\/irankiuzona.lt\/ru\/wp-json\/wp\/v2\/product_tag?post=404531"}],"curies":[{"name":"wp","href":"https:\/\/api.w.org\/{rel}","templated":true}]}}