{"id":404537,"date":"2025-05-15T18:34:42","date_gmt":"2025-05-15T18:34:42","guid":{"rendered":"https:\/\/irankiuzona.lt\/product\/sriegio-atstatymo-komplektas-m61-0-4\/"},"modified":"2026-04-27T20:33:48","modified_gmt":"2026-04-27T20:33:48","slug":"sriegio-atstatymo-komplektas-m61-0-4","status":"publish","type":"product","link":"https:\/\/irankiuzona.lt\/ru\/product\/sriegio-atstatymo-komplektas-m61-0-4\/","title":{"rendered":"Sriegio atstatymo komplektas M6*1.0"},"content":{"rendered":"<p>Med\u017eiaga: plienas, ner\u016bdijantis plienas, greitaeigis plienas HSS4341Spiralini\u0173 \u012fd\u0117kl\u0173 skai\u010dius: 30Pritaikytas prie sriegi\u0173: M6*1.0Spiralini\u0173 \u012fd\u0117kl\u0173 matmenys: M6*1.0<\/p>","protected":false},"excerpt":{"rendered":"<p>Sriegio atstatymo komplektas M6*1.0<\/p>","protected":false},"featured_media":401376,"comment_status":"open","ping_status":"open","template":"","meta":[],"product_cat":[9747],"product_tag":[9810],"class_list":{"0":"post-404537","1":"product","2":"type-product","3":"status-publish","4":"has-post-thumbnail","6":"product_brand-geko-lenkija","7":"product_cat-sugadinto-sriegio-atstatymo-komplektai-ivores-indeklai-helikoliai","8":"product_tag-geko-lenkija","10":"first","11":"outofstock","12":"purchasable","13":"product-type-simple"},"jetpack_sharing_enabled":true,"_links":{"self":[{"href":"https:\/\/irankiuzona.lt\/ru\/wp-json\/wp\/v2\/product\/404537","targetHints":{"allow":["GET"]}}],"collection":[{"href":"https:\/\/irankiuzona.lt\/ru\/wp-json\/wp\/v2\/product"}],"about":[{"href":"https:\/\/irankiuzona.lt\/ru\/wp-json\/wp\/v2\/types\/product"}],"replies":[{"embeddable":true,"href":"https:\/\/irankiuzona.lt\/ru\/wp-json\/wp\/v2\/comments?post=404537"}],"version-history":[{"count":1,"href":"https:\/\/irankiuzona.lt\/ru\/wp-json\/wp\/v2\/product\/404537\/revisions"}],"predecessor-version":[{"id":426592,"href":"https:\/\/irankiuzona.lt\/ru\/wp-json\/wp\/v2\/product\/404537\/revisions\/426592"}],"wp:featuredmedia":[{"embeddable":true,"href":"https:\/\/irankiuzona.lt\/ru\/wp-json\/wp\/v2\/media\/401376"}],"wp:attachment":[{"href":"https:\/\/irankiuzona.lt\/ru\/wp-json\/wp\/v2\/media?parent=404537"}],"wp:term":[{"taxonomy":"product_cat","embeddable":true,"href":"https:\/\/irankiuzona.lt\/ru\/wp-json\/wp\/v2\/product_cat?post=404537"},{"taxonomy":"product_tag","embeddable":true,"href":"https:\/\/irankiuzona.lt\/ru\/wp-json\/wp\/v2\/product_tag?post=404537"}],"curies":[{"name":"wp","href":"https:\/\/api.w.org\/{rel}","templated":true}]}}