{"id":404602,"date":"2025-05-15T18:36:00","date_gmt":"2025-05-15T18:36:00","guid":{"rendered":"https:\/\/irankiuzona.lt\/product\/domkratas-hidraulinis-4ton-95-552mm\/"},"modified":"2026-05-09T09:37:31","modified_gmt":"2026-05-09T09:37:31","slug":"domkratas-hidraulinis-4ton-95-552mm","status":"publish","type":"product","link":"https:\/\/irankiuzona.lt\/ru\/product\/domkratas-hidraulinis-4ton-95-552mm\/","title":{"rendered":"Domkratas hidraulinis 4Ton 95-552mm"},"content":{"rendered":"<p>Domkratas yra optimalus automobili\u0173 servisams ir padang\u0173 centrams.Domkrato elementai pagaminti i\u0161 itin tvirto ir patvaraus metalo.<br \/>\nSpecifikacijos:<br \/>\nMaks., apkrova 4TMin. k\u0117limo auk\u0161tis 95mmMaks. k\u0117limo auk\u0161tis 552mmGreitas pak\u0117limasPasukami galiniai rataiSvoris: 48 kg<\/p>","protected":false},"excerpt":{"rendered":"<p>Domkratas hidraulinis 4Ton 95-552mm<\/p>","protected":false},"featured_media":404604,"comment_status":"open","ping_status":"open","template":"","meta":[],"product_cat":[9959],"product_tag":[10104],"class_list":{"0":"post-404602","1":"product","2":"type-product","3":"status-publish","4":"has-post-thumbnail","6":"product_brand-kraftdele","7":"product_cat-domkratai-hidrauliniai","8":"product_tag-kraftdele","10":"first","11":"outofstock","12":"purchasable","13":"product-type-simple"},"jetpack_sharing_enabled":true,"_links":{"self":[{"href":"https:\/\/irankiuzona.lt\/ru\/wp-json\/wp\/v2\/product\/404602","targetHints":{"allow":["GET"]}}],"collection":[{"href":"https:\/\/irankiuzona.lt\/ru\/wp-json\/wp\/v2\/product"}],"about":[{"href":"https:\/\/irankiuzona.lt\/ru\/wp-json\/wp\/v2\/types\/product"}],"replies":[{"embeddable":true,"href":"https:\/\/irankiuzona.lt\/ru\/wp-json\/wp\/v2\/comments?post=404602"}],"version-history":[{"count":1,"href":"https:\/\/irankiuzona.lt\/ru\/wp-json\/wp\/v2\/product\/404602\/revisions"}],"predecessor-version":[{"id":426647,"href":"https:\/\/irankiuzona.lt\/ru\/wp-json\/wp\/v2\/product\/404602\/revisions\/426647"}],"wp:featuredmedia":[{"embeddable":true,"href":"https:\/\/irankiuzona.lt\/ru\/wp-json\/wp\/v2\/media\/404604"}],"wp:attachment":[{"href":"https:\/\/irankiuzona.lt\/ru\/wp-json\/wp\/v2\/media?parent=404602"}],"wp:term":[{"taxonomy":"product_cat","embeddable":true,"href":"https:\/\/irankiuzona.lt\/ru\/wp-json\/wp\/v2\/product_cat?post=404602"},{"taxonomy":"product_tag","embeddable":true,"href":"https:\/\/irankiuzona.lt\/ru\/wp-json\/wp\/v2\/product_tag?post=404602"}],"curies":[{"name":"wp","href":"https:\/\/api.w.org\/{rel}","templated":true}]}}