{"id":404629,"date":"2025-05-15T18:36:24","date_gmt":"2025-05-15T18:36:24","guid":{"rendered":"https:\/\/irankiuzona.lt\/product\/lazerinis-atstumo-matuoklis-iki-100m\/"},"modified":"2026-04-13T02:09:25","modified_gmt":"2026-04-13T02:09:25","slug":"lazerinis-atstumo-matuoklis-iki-100m","status":"publish","type":"product","link":"https:\/\/irankiuzona.lt\/ru\/product\/lazerinis-atstumo-matuoklis-iki-100m\/","title":{"rendered":"Lazerinis atstumo matuoklis iki 100m"},"content":{"rendered":"<p>Diapazonas: iki 100 mMatavimo tikslumas: \u00b1 1,5 mmMatavimo diapazonas: 0,05 &#8211; 100mIntegruotas lygis: TAIPAtmintyje esan\u010di\u0173 matavim\u0173 skai\u010dius: 4<\/p>","protected":false},"excerpt":{"rendered":"<p>Lazerinis atstumo matuoklis iki 100m<\/p>","protected":false},"featured_media":404631,"comment_status":"open","ping_status":"open","template":"","meta":[],"product_cat":[9973],"product_tag":[10104],"class_list":{"0":"post-404629","1":"product","2":"type-product","3":"status-publish","4":"has-post-thumbnail","6":"product_brand-kraftdele","7":"product_cat-lazeriniai-matuokliai","8":"product_tag-kraftdele","10":"first","11":"instock","12":"purchasable","13":"product-type-simple"},"jetpack_sharing_enabled":true,"_links":{"self":[{"href":"https:\/\/irankiuzona.lt\/ru\/wp-json\/wp\/v2\/product\/404629","targetHints":{"allow":["GET"]}}],"collection":[{"href":"https:\/\/irankiuzona.lt\/ru\/wp-json\/wp\/v2\/product"}],"about":[{"href":"https:\/\/irankiuzona.lt\/ru\/wp-json\/wp\/v2\/types\/product"}],"replies":[{"embeddable":true,"href":"https:\/\/irankiuzona.lt\/ru\/wp-json\/wp\/v2\/comments?post=404629"}],"version-history":[{"count":1,"href":"https:\/\/irankiuzona.lt\/ru\/wp-json\/wp\/v2\/product\/404629\/revisions"}],"predecessor-version":[{"id":426660,"href":"https:\/\/irankiuzona.lt\/ru\/wp-json\/wp\/v2\/product\/404629\/revisions\/426660"}],"wp:featuredmedia":[{"embeddable":true,"href":"https:\/\/irankiuzona.lt\/ru\/wp-json\/wp\/v2\/media\/404631"}],"wp:attachment":[{"href":"https:\/\/irankiuzona.lt\/ru\/wp-json\/wp\/v2\/media?parent=404629"}],"wp:term":[{"taxonomy":"product_cat","embeddable":true,"href":"https:\/\/irankiuzona.lt\/ru\/wp-json\/wp\/v2\/product_cat?post=404629"},{"taxonomy":"product_tag","embeddable":true,"href":"https:\/\/irankiuzona.lt\/ru\/wp-json\/wp\/v2\/product_tag?post=404629"}],"curies":[{"name":"wp","href":"https:\/\/api.w.org\/{rel}","templated":true}]}}