{"id":404632,"date":"2025-05-15T18:36:26","date_gmt":"2025-05-15T18:36:26","guid":{"rendered":"https:\/\/irankiuzona.lt\/product\/dujine-virykle-camping-2\/"},"modified":"2026-04-13T04:05:57","modified_gmt":"2026-04-13T04:05:57","slug":"dujine-virykle-camping-2","status":"publish","type":"product","link":"https:\/\/irankiuzona.lt\/ru\/product\/dujine-virykle-camping-2\/","title":{"rendered":"Dujine virykl\u0117 (Camping)"},"content":{"rendered":"<p>Maitinimas: butano dujosGalia: 2200WDuj\u0173 s\u0105naudos: 160g\/val<\/p>","protected":false},"excerpt":{"rendered":"<p>Dujine virykl\u0117 (Camping)<\/p>","protected":false},"featured_media":404634,"comment_status":"open","ping_status":"open","template":"","meta":[],"product_cat":[10080],"product_tag":[10104],"class_list":{"0":"post-404632","1":"product","2":"type-product","3":"status-publish","4":"has-post-thumbnail","6":"product_brand-kraftdele","7":"product_cat-dujines-virykles","8":"product_tag-kraftdele","10":"first","11":"instock","12":"purchasable","13":"product-type-simple"},"jetpack_sharing_enabled":true,"_links":{"self":[{"href":"https:\/\/irankiuzona.lt\/ru\/wp-json\/wp\/v2\/product\/404632","targetHints":{"allow":["GET"]}}],"collection":[{"href":"https:\/\/irankiuzona.lt\/ru\/wp-json\/wp\/v2\/product"}],"about":[{"href":"https:\/\/irankiuzona.lt\/ru\/wp-json\/wp\/v2\/types\/product"}],"replies":[{"embeddable":true,"href":"https:\/\/irankiuzona.lt\/ru\/wp-json\/wp\/v2\/comments?post=404632"}],"version-history":[{"count":1,"href":"https:\/\/irankiuzona.lt\/ru\/wp-json\/wp\/v2\/product\/404632\/revisions"}],"predecessor-version":[{"id":426662,"href":"https:\/\/irankiuzona.lt\/ru\/wp-json\/wp\/v2\/product\/404632\/revisions\/426662"}],"wp:featuredmedia":[{"embeddable":true,"href":"https:\/\/irankiuzona.lt\/ru\/wp-json\/wp\/v2\/media\/404634"}],"wp:attachment":[{"href":"https:\/\/irankiuzona.lt\/ru\/wp-json\/wp\/v2\/media?parent=404632"}],"wp:term":[{"taxonomy":"product_cat","embeddable":true,"href":"https:\/\/irankiuzona.lt\/ru\/wp-json\/wp\/v2\/product_cat?post=404632"},{"taxonomy":"product_tag","embeddable":true,"href":"https:\/\/irankiuzona.lt\/ru\/wp-json\/wp\/v2\/product_tag?post=404632"}],"curies":[{"name":"wp","href":"https:\/\/api.w.org\/{rel}","templated":true}]}}