{"id":404641,"date":"2025-05-15T18:36:32","date_gmt":"2025-05-15T18:36:32","guid":{"rendered":"https:\/\/irankiuzona.lt\/product\/atramu-komplektas-6tonu-2vnt-400-585mm\/"},"modified":"2026-04-21T20:09:44","modified_gmt":"2026-04-21T20:09:44","slug":"atramu-komplektas-6tonu-2vnt-400-585mm","status":"publish","type":"product","link":"https:\/\/irankiuzona.lt\/ru\/product\/atramu-komplektas-6tonu-2vnt-400-585mm\/","title":{"rendered":"Atram\u0173 komplektas 6ton\u0173 \/ 2vnt. \/ 400-585mm"},"content":{"rendered":"<p>Sustiprinta konstrukcija, apa\u010dioje plok\u0161tel\u0117s &#8211; apsauga nuo \u012fsmigimo;keliamoji galia: 6 tonoskelimo auk\u0161tis: 400-585 mm2vnt. komplekte.<\/p>","protected":false},"excerpt":{"rendered":"<p>Atram\u0173 komplektas 6ton\u0173 \/ 2vnt. \/ 400-585mm<\/p>","protected":false},"featured_media":404643,"comment_status":"open","ping_status":"open","template":"","meta":[],"product_cat":[9664],"product_tag":[10104],"class_list":{"0":"post-404641","1":"product","2":"type-product","3":"status-publish","4":"has-post-thumbnail","6":"product_brand-kraftdele","7":"product_cat-stovai-atramos","8":"product_tag-kraftdele","10":"first","11":"outofstock","12":"purchasable","13":"product-type-simple"},"jetpack_sharing_enabled":true,"_links":{"self":[{"href":"https:\/\/irankiuzona.lt\/ru\/wp-json\/wp\/v2\/product\/404641","targetHints":{"allow":["GET"]}}],"collection":[{"href":"https:\/\/irankiuzona.lt\/ru\/wp-json\/wp\/v2\/product"}],"about":[{"href":"https:\/\/irankiuzona.lt\/ru\/wp-json\/wp\/v2\/types\/product"}],"replies":[{"embeddable":true,"href":"https:\/\/irankiuzona.lt\/ru\/wp-json\/wp\/v2\/comments?post=404641"}],"version-history":[{"count":1,"href":"https:\/\/irankiuzona.lt\/ru\/wp-json\/wp\/v2\/product\/404641\/revisions"}],"predecessor-version":[{"id":426665,"href":"https:\/\/irankiuzona.lt\/ru\/wp-json\/wp\/v2\/product\/404641\/revisions\/426665"}],"wp:featuredmedia":[{"embeddable":true,"href":"https:\/\/irankiuzona.lt\/ru\/wp-json\/wp\/v2\/media\/404643"}],"wp:attachment":[{"href":"https:\/\/irankiuzona.lt\/ru\/wp-json\/wp\/v2\/media?parent=404641"}],"wp:term":[{"taxonomy":"product_cat","embeddable":true,"href":"https:\/\/irankiuzona.lt\/ru\/wp-json\/wp\/v2\/product_cat?post=404641"},{"taxonomy":"product_tag","embeddable":true,"href":"https:\/\/irankiuzona.lt\/ru\/wp-json\/wp\/v2\/product_tag?post=404641"}],"curies":[{"name":"wp","href":"https:\/\/api.w.org\/{rel}","templated":true}]}}