{"id":404650,"date":"2025-05-15T18:36:40","date_gmt":"2025-05-15T18:36:40","guid":{"rendered":"https:\/\/irankiuzona.lt\/product\/pneumo-hidraulinis-domkratas-22-tonu-4\/"},"modified":"2026-04-13T20:05:43","modified_gmt":"2026-04-13T20:05:43","slug":"pneumo-hidraulinis-domkratas-22-tonu-4","status":"publish","type":"product","link":"https:\/\/irankiuzona.lt\/ru\/product\/pneumo-hidraulinis-domkratas-22-tonu-4\/","title":{"rendered":"Pneumo-hidraulinis domkratas 22 ton\u0173"},"content":{"rendered":"<p>TECHNINIAI DUOMENYS:<br \/>\nKeliamoji galia: 22 tonosMaksimalus sl\u0117gis: 12 bar\u0173Darbinis sl\u0117gis: 8 baraiMinimalus auk\u0161tis: 70 mmMaksimalus auk\u0161tis: 620 mmKelio ratai: Taip<\/p>","protected":false},"excerpt":{"rendered":"<p>Pneumo-hidraulinis domkratas 22 ton\u0173<\/p>","protected":false},"featured_media":404652,"comment_status":"open","ping_status":"open","template":"","meta":[],"product_cat":[10065],"product_tag":[10104],"class_list":{"0":"post-404650","1":"product","2":"type-product","3":"status-publish","4":"has-post-thumbnail","6":"product_brand-kraftdele","7":"product_cat-pneumo-hidrauliniai-domkratai","8":"product_tag-kraftdele","10":"first","11":"outofstock","12":"purchasable","13":"product-type-simple"},"jetpack_sharing_enabled":true,"_links":{"self":[{"href":"https:\/\/irankiuzona.lt\/ru\/wp-json\/wp\/v2\/product\/404650","targetHints":{"allow":["GET"]}}],"collection":[{"href":"https:\/\/irankiuzona.lt\/ru\/wp-json\/wp\/v2\/product"}],"about":[{"href":"https:\/\/irankiuzona.lt\/ru\/wp-json\/wp\/v2\/types\/product"}],"replies":[{"embeddable":true,"href":"https:\/\/irankiuzona.lt\/ru\/wp-json\/wp\/v2\/comments?post=404650"}],"version-history":[{"count":1,"href":"https:\/\/irankiuzona.lt\/ru\/wp-json\/wp\/v2\/product\/404650\/revisions"}],"predecessor-version":[{"id":426668,"href":"https:\/\/irankiuzona.lt\/ru\/wp-json\/wp\/v2\/product\/404650\/revisions\/426668"}],"wp:featuredmedia":[{"embeddable":true,"href":"https:\/\/irankiuzona.lt\/ru\/wp-json\/wp\/v2\/media\/404652"}],"wp:attachment":[{"href":"https:\/\/irankiuzona.lt\/ru\/wp-json\/wp\/v2\/media?parent=404650"}],"wp:term":[{"taxonomy":"product_cat","embeddable":true,"href":"https:\/\/irankiuzona.lt\/ru\/wp-json\/wp\/v2\/product_cat?post=404650"},{"taxonomy":"product_tag","embeddable":true,"href":"https:\/\/irankiuzona.lt\/ru\/wp-json\/wp\/v2\/product_tag?post=404650"}],"curies":[{"name":"wp","href":"https:\/\/api.w.org\/{rel}","templated":true}]}}