{"id":404680,"date":"2025-05-15T18:37:04","date_gmt":"2025-05-15T18:37:04","guid":{"rendered":"https:\/\/irankiuzona.lt\/product\/lazerinis-matuoklis-kryzmine-zalia-sviesa-2\/"},"modified":"2026-04-14T22:43:21","modified_gmt":"2026-04-14T22:43:21","slug":"lazerinis-matuoklis-kryzmine-zalia-sviesa-2","status":"publish","type":"product","link":"https:\/\/irankiuzona.lt\/ru\/product\/lazerinis-matuoklis-kryzmine-zalia-sviesa-2\/","title":{"rendered":"Lazerinis matuoklis kry\u017emin\u0117 \u017ealia \u0161viesa"},"content":{"rendered":"<p>Lazerio bangos ilgis: 635 \u00b1 5 nmNiveliavimo tikslumas: \u00b14,5 mm \/ 15 mDarbinis atstumas: 15mDarbinis atstumas (linija su detektoriumi): 35mDarbo laikas: apie 8 valMaitinimo \u0161altinis: 2 \u00d7 \u02ddAA\u02dd (LR6)<\/p>","protected":false},"excerpt":{"rendered":"<p>Lazerinis matuoklis kry\u017emin\u0117 \u017ealia \u0161viesa<\/p>","protected":false},"featured_media":404682,"comment_status":"open","ping_status":"open","template":"","meta":[],"product_cat":[9973],"product_tag":[10104],"class_list":{"0":"post-404680","1":"product","2":"type-product","3":"status-publish","4":"has-post-thumbnail","6":"product_brand-kraftdele","7":"product_cat-lazeriniai-matuokliai","8":"product_tag-kraftdele","10":"first","11":"instock","12":"purchasable","13":"product-type-simple"},"jetpack_sharing_enabled":true,"_links":{"self":[{"href":"https:\/\/irankiuzona.lt\/ru\/wp-json\/wp\/v2\/product\/404680","targetHints":{"allow":["GET"]}}],"collection":[{"href":"https:\/\/irankiuzona.lt\/ru\/wp-json\/wp\/v2\/product"}],"about":[{"href":"https:\/\/irankiuzona.lt\/ru\/wp-json\/wp\/v2\/types\/product"}],"replies":[{"embeddable":true,"href":"https:\/\/irankiuzona.lt\/ru\/wp-json\/wp\/v2\/comments?post=404680"}],"version-history":[{"count":1,"href":"https:\/\/irankiuzona.lt\/ru\/wp-json\/wp\/v2\/product\/404680\/revisions"}],"predecessor-version":[{"id":426680,"href":"https:\/\/irankiuzona.lt\/ru\/wp-json\/wp\/v2\/product\/404680\/revisions\/426680"}],"wp:featuredmedia":[{"embeddable":true,"href":"https:\/\/irankiuzona.lt\/ru\/wp-json\/wp\/v2\/media\/404682"}],"wp:attachment":[{"href":"https:\/\/irankiuzona.lt\/ru\/wp-json\/wp\/v2\/media?parent=404680"}],"wp:term":[{"taxonomy":"product_cat","embeddable":true,"href":"https:\/\/irankiuzona.lt\/ru\/wp-json\/wp\/v2\/product_cat?post=404680"},{"taxonomy":"product_tag","embeddable":true,"href":"https:\/\/irankiuzona.lt\/ru\/wp-json\/wp\/v2\/product_tag?post=404680"}],"curies":[{"name":"wp","href":"https:\/\/api.w.org\/{rel}","templated":true}]}}