{"id":404686,"date":"2025-05-15T18:37:09","date_gmt":"2025-05-15T18:37:09","guid":{"rendered":"https:\/\/irankiuzona.lt\/product\/purkstuku-frezos-raiberiai-5daliu-2\/"},"modified":"2026-04-14T21:46:41","modified_gmt":"2026-04-14T21:46:41","slug":"purkstuku-frezos-raiberiai-5daliu-2","status":"publish","type":"product","link":"https:\/\/irankiuzona.lt\/ru\/product\/purkstuku-frezos-raiberiai-5daliu-2\/","title":{"rendered":"Purk\u0161tuk\u0173 frezos &#8211; raiberiai 5dali\u0173"},"content":{"rendered":"<p>\u2022 15&#215;19 mm freza<br \/>\n\u2022 17&#215;17 mm freza<br \/>\n\u2022 17&#215;19 mm freza<br \/>\n\u2022 17&#215;21 mm freza<br \/>\n\u2022 Laikiklis<\/p>","protected":false},"excerpt":{"rendered":"<p>Purk\u0161tuk\u0173 frezos &#8211; raiberiai 5dali\u0173<\/p>","protected":false},"featured_media":404688,"comment_status":"open","ping_status":"open","template":"","meta":[],"product_cat":[9698],"product_tag":[10104],"class_list":{"0":"post-404686","1":"product","2":"type-product","3":"status-publish","4":"has-post-thumbnail","6":"product_brand-kraftdele","7":"product_cat-frezos-raiberiai-purkstukams","8":"product_tag-kraftdele","10":"first","11":"outofstock","12":"purchasable","13":"product-type-simple"},"jetpack_sharing_enabled":true,"_links":{"self":[{"href":"https:\/\/irankiuzona.lt\/ru\/wp-json\/wp\/v2\/product\/404686","targetHints":{"allow":["GET"]}}],"collection":[{"href":"https:\/\/irankiuzona.lt\/ru\/wp-json\/wp\/v2\/product"}],"about":[{"href":"https:\/\/irankiuzona.lt\/ru\/wp-json\/wp\/v2\/types\/product"}],"replies":[{"embeddable":true,"href":"https:\/\/irankiuzona.lt\/ru\/wp-json\/wp\/v2\/comments?post=404686"}],"version-history":[{"count":1,"href":"https:\/\/irankiuzona.lt\/ru\/wp-json\/wp\/v2\/product\/404686\/revisions"}],"predecessor-version":[{"id":426682,"href":"https:\/\/irankiuzona.lt\/ru\/wp-json\/wp\/v2\/product\/404686\/revisions\/426682"}],"wp:featuredmedia":[{"embeddable":true,"href":"https:\/\/irankiuzona.lt\/ru\/wp-json\/wp\/v2\/media\/404688"}],"wp:attachment":[{"href":"https:\/\/irankiuzona.lt\/ru\/wp-json\/wp\/v2\/media?parent=404686"}],"wp:term":[{"taxonomy":"product_cat","embeddable":true,"href":"https:\/\/irankiuzona.lt\/ru\/wp-json\/wp\/v2\/product_cat?post=404686"},{"taxonomy":"product_tag","embeddable":true,"href":"https:\/\/irankiuzona.lt\/ru\/wp-json\/wp\/v2\/product_tag?post=404686"}],"curies":[{"name":"wp","href":"https:\/\/api.w.org\/{rel}","templated":true}]}}