{"id":404706,"date":"2025-05-15T18:37:24","date_gmt":"2025-05-15T18:37:24","guid":{"rendered":"https:\/\/irankiuzona.lt\/product\/karterio-isleidimo-varztu-remonto-komplektas-114daliu\/"},"modified":"2026-04-13T10:18:51","modified_gmt":"2026-04-13T10:18:51","slug":"karterio-isleidimo-varztu-remonto-komplektas-114daliu","status":"publish","type":"product","link":"https:\/\/irankiuzona.lt\/ru\/product\/karterio-isleidimo-varztu-remonto-komplektas-114daliu\/","title":{"rendered":"Karterio i\u0161leidimo var\u017et\u0173 remonto komplektas 114dali\u0173"},"content":{"rendered":"<p>\u2022 1x M13 x 1.25 tap\u2022 1x M13 x 1.5 tap\u2022 1x M15 x 1.5 tap\u2022 1x M17 x 1.5 tap\u2022 1x M20 x 1.5 tap\u2022 1x M22 x 1.5 tap\u2022 6x M13 x 1.25 plug\u2022 6x M13 x 1.5 plug\u2022 6x M15 x 1.5 plug\u2022 6x M17 x 1.5 plug\u2022 6x M20 x 1.5 plug\u2022 6x M22 x 1.5 plug\u2022 24x M13 aluminum washers\u2022 12x M15 aluminum washers\u2022 12x M17 aluminum washers\u2022 12x M20 aluminum washers\u2022 12x M22 aluminum washers<\/p>","protected":false},"excerpt":{"rendered":"<p>Karterio i\u0161leidimo var\u017et\u0173 remonto komplektas 114dali\u0173<\/p>","protected":false},"featured_media":404708,"comment_status":"open","ping_status":"open","template":"","meta":[],"product_cat":[9655],"product_tag":[10104],"class_list":{"0":"post-404706","1":"product","2":"type-product","3":"status-publish","4":"has-post-thumbnail","6":"product_brand-kraftdele","7":"product_cat-sugadintam-karterio-sriegiui","8":"product_tag-kraftdele","10":"first","11":"outofstock","12":"purchasable","13":"product-type-simple"},"jetpack_sharing_enabled":true,"_links":{"self":[{"href":"https:\/\/irankiuzona.lt\/ru\/wp-json\/wp\/v2\/product\/404706","targetHints":{"allow":["GET"]}}],"collection":[{"href":"https:\/\/irankiuzona.lt\/ru\/wp-json\/wp\/v2\/product"}],"about":[{"href":"https:\/\/irankiuzona.lt\/ru\/wp-json\/wp\/v2\/types\/product"}],"replies":[{"embeddable":true,"href":"https:\/\/irankiuzona.lt\/ru\/wp-json\/wp\/v2\/comments?post=404706"}],"version-history":[{"count":1,"href":"https:\/\/irankiuzona.lt\/ru\/wp-json\/wp\/v2\/product\/404706\/revisions"}],"predecessor-version":[{"id":426691,"href":"https:\/\/irankiuzona.lt\/ru\/wp-json\/wp\/v2\/product\/404706\/revisions\/426691"}],"wp:featuredmedia":[{"embeddable":true,"href":"https:\/\/irankiuzona.lt\/ru\/wp-json\/wp\/v2\/media\/404708"}],"wp:attachment":[{"href":"https:\/\/irankiuzona.lt\/ru\/wp-json\/wp\/v2\/media?parent=404706"}],"wp:term":[{"taxonomy":"product_cat","embeddable":true,"href":"https:\/\/irankiuzona.lt\/ru\/wp-json\/wp\/v2\/product_cat?post=404706"},{"taxonomy":"product_tag","embeddable":true,"href":"https:\/\/irankiuzona.lt\/ru\/wp-json\/wp\/v2\/product_tag?post=404706"}],"curies":[{"name":"wp","href":"https:\/\/api.w.org\/{rel}","templated":true}]}}