{"id":404715,"date":"2025-05-15T18:37:30","date_gmt":"2025-05-15T18:37:30","guid":{"rendered":"https:\/\/irankiuzona.lt\/product\/vamzdziu-lankstymo-komplektas-hidraulinis-12t\/"},"modified":"2026-04-16T07:21:56","modified_gmt":"2026-04-16T07:21:56","slug":"vamzdziu-lankstymo-komplektas-hidraulinis-12t","status":"publish","type":"product","link":"https:\/\/irankiuzona.lt\/ru\/product\/vamzdziu-lankstymo-komplektas-hidraulinis-12t\/","title":{"rendered":"Vamzd\u017ei\u0173 lankstymo komplektas hidraulinis 12T"},"content":{"rendered":"<p>\u012erenginio tipas: hidraulin\u0117 lenkimo ma\u0161inaMed\u017eiaga: plienasPavaros sl\u0117gis: 12TProfiliai rinkinyje: 6 vnt. (1\/2&quot; &#8211; 3\/4&quot; &#8211; 1&quot; &#8211; 1,1\/4&quot; &#8211; 1,1\/2&quot; &#8211; 2&quot;)Svoris: 36 kgMatmenys: 610 x 530 x x 105 mm<\/p>","protected":false},"excerpt":{"rendered":"<p>Vamzd\u017ei\u0173 lankstymo komplektas hidraulinis 12T<\/p>","protected":false},"featured_media":404717,"comment_status":"open","ping_status":"open","template":"","meta":[],"product_cat":[9946],"product_tag":[10104],"class_list":{"0":"post-404715","1":"product","2":"type-product","3":"status-publish","4":"has-post-thumbnail","6":"product_brand-kraftdele","7":"product_cat-hidrauliniai-presai","8":"product_tag-kraftdele","10":"first","11":"outofstock","12":"purchasable","13":"product-type-simple"},"jetpack_sharing_enabled":true,"_links":{"self":[{"href":"https:\/\/irankiuzona.lt\/ru\/wp-json\/wp\/v2\/product\/404715","targetHints":{"allow":["GET"]}}],"collection":[{"href":"https:\/\/irankiuzona.lt\/ru\/wp-json\/wp\/v2\/product"}],"about":[{"href":"https:\/\/irankiuzona.lt\/ru\/wp-json\/wp\/v2\/types\/product"}],"replies":[{"embeddable":true,"href":"https:\/\/irankiuzona.lt\/ru\/wp-json\/wp\/v2\/comments?post=404715"}],"version-history":[{"count":1,"href":"https:\/\/irankiuzona.lt\/ru\/wp-json\/wp\/v2\/product\/404715\/revisions"}],"predecessor-version":[{"id":426697,"href":"https:\/\/irankiuzona.lt\/ru\/wp-json\/wp\/v2\/product\/404715\/revisions\/426697"}],"wp:featuredmedia":[{"embeddable":true,"href":"https:\/\/irankiuzona.lt\/ru\/wp-json\/wp\/v2\/media\/404717"}],"wp:attachment":[{"href":"https:\/\/irankiuzona.lt\/ru\/wp-json\/wp\/v2\/media?parent=404715"}],"wp:term":[{"taxonomy":"product_cat","embeddable":true,"href":"https:\/\/irankiuzona.lt\/ru\/wp-json\/wp\/v2\/product_cat?post=404715"},{"taxonomy":"product_tag","embeddable":true,"href":"https:\/\/irankiuzona.lt\/ru\/wp-json\/wp\/v2\/product_tag?post=404715"}],"curies":[{"name":"wp","href":"https:\/\/api.w.org\/{rel}","templated":true}]}}