{"id":404790,"date":"2025-05-17T07:09:50","date_gmt":"2025-05-17T07:09:50","guid":{"rendered":"https:\/\/irankiuzona.lt\/product\/akumuliatoriaus-ikrovejas-paleidejas-class-630-lcd-2\/"},"modified":"2026-05-09T18:18:50","modified_gmt":"2026-05-09T18:18:50","slug":"akumuliatoriaus-ikrovejas-paleidejas-class-630-lcd-2","status":"publish","type":"product","link":"https:\/\/irankiuzona.lt\/ru\/product\/akumuliatoriaus-ikrovejas-paleidejas-class-630-lcd-2\/","title":{"rendered":"Akumuliatoriaus \u012fkrov\u0117jas-paleid\u0117jas CLASS 630 LCD"},"content":{"rendered":"<p>Produkto charakteristikos:<\/p>\n<p>greito \u012fkrovimo parinktis<br \/>\nskaidrus LCD ekranas<br \/>\nlaikmatis, kad baterijos neb\u016bt\u0173 per daug \u012fkraunamos<br \/>\nleid\u017eia u\u017evesti variklius su visi\u0161kai i\u0161sikrovusia baterija<br \/>\n\u012fkrauna baterijas, kuri\u0173 talpa yra nuo 20 iki 1550 Ah<br \/>\n\u012fkrovimo \u012ftampa 12V \/ 24V<\/p>\n<p>Technin\u0117s specifikacijos:<\/p>\n<p> Maitinimo \u012ftampa: 230V, 50Hz<br \/>\n \u012ekrovimo \u012ftampa: 12V \/ 24V<br \/>\nMaksimali \u012fkrovimo srov\u0117: 12V-60A; 24V-90A<br \/>\nPradin\u0117 srov\u0117: 12V-360A;24-550A<br \/>\nSaugiklis:3x50A<br \/>\nPalaikom\u0173 baterij\u0173 talpa: 20-1550Ah<br \/>\nLygintuv\u0173 ilgis: 240 cm<br \/>\nMaitinimo laido ilgis: 240 cm<\/p>","protected":false},"excerpt":{"rendered":"<p>Akumuliatoriaus \u012fkrov\u0117jas-paleid\u0117jas CLASS 630 LCD<\/p>","protected":false},"featured_media":296967,"comment_status":"open","ping_status":"open","template":"","meta":[],"product_cat":[9881],"product_tag":[9810],"class_list":{"0":"post-404790","1":"product","2":"type-product","3":"status-publish","4":"has-post-thumbnail","6":"product_brand-geko-lenkija","7":"product_cat-ikrovikliai-akumuliatoriams-akumuliatoriu-testeriai","8":"product_tag-geko-lenkija","10":"first","11":"instock","12":"purchasable","13":"product-type-simple"},"jetpack_sharing_enabled":true,"_links":{"self":[{"href":"https:\/\/irankiuzona.lt\/ru\/wp-json\/wp\/v2\/product\/404790","targetHints":{"allow":["GET"]}}],"collection":[{"href":"https:\/\/irankiuzona.lt\/ru\/wp-json\/wp\/v2\/product"}],"about":[{"href":"https:\/\/irankiuzona.lt\/ru\/wp-json\/wp\/v2\/types\/product"}],"replies":[{"embeddable":true,"href":"https:\/\/irankiuzona.lt\/ru\/wp-json\/wp\/v2\/comments?post=404790"}],"version-history":[{"count":1,"href":"https:\/\/irankiuzona.lt\/ru\/wp-json\/wp\/v2\/product\/404790\/revisions"}],"predecessor-version":[{"id":418084,"href":"https:\/\/irankiuzona.lt\/ru\/wp-json\/wp\/v2\/product\/404790\/revisions\/418084"}],"wp:featuredmedia":[{"embeddable":true,"href":"https:\/\/irankiuzona.lt\/ru\/wp-json\/wp\/v2\/media\/296967"}],"wp:attachment":[{"href":"https:\/\/irankiuzona.lt\/ru\/wp-json\/wp\/v2\/media?parent=404790"}],"wp:term":[{"taxonomy":"product_cat","embeddable":true,"href":"https:\/\/irankiuzona.lt\/ru\/wp-json\/wp\/v2\/product_cat?post=404790"},{"taxonomy":"product_tag","embeddable":true,"href":"https:\/\/irankiuzona.lt\/ru\/wp-json\/wp\/v2\/product_tag?post=404790"}],"curies":[{"name":"wp","href":"https:\/\/api.w.org\/{rel}","templated":true}]}}