{"id":404806,"date":"2025-05-17T07:12:23","date_gmt":"2025-05-17T07:12:23","guid":{"rendered":"https:\/\/irankiuzona.lt\/product\/akumuliatoriu-ikroviklis-su-paleidimo-funkcija-200a-2\/"},"modified":"2026-04-12T17:31:00","modified_gmt":"2026-04-12T17:31:00","slug":"akumuliatoriu-ikroviklis-su-paleidimo-funkcija-200a-2","status":"publish","type":"product","link":"https:\/\/irankiuzona.lt\/ru\/product\/akumuliatoriu-ikroviklis-su-paleidimo-funkcija-200a-2\/","title":{"rendered":"Akumuliatori\u0173 \u012fkroviklis su paleidimo funkcija 200A"},"content":{"rendered":"<p>Produkto charakteristikos:ergonomi\u0161ka rankena ne\u0161iojimuileid\u017eia u\u017evesti variklius su visi\u0161kai i\u0161sikrovusia baterijapradedant nuotolinio valdymo pultu\u012fkrauna nuo 20 iki 400 Ah talpos baterijas\u012fkrovimo \u012ftampa 12V \/ 24Vvario aligatoriai u\u017etikrina did\u017eiausi\u0105 srov\u0117s sraut\u0105 be nuostoli\u0173<br \/>\nTechnin\u0117s specifikacijos:Maitinimo \u012ftampa: 230V, 50 Hz\u012ekrovimo \u012ftampa: 12 \/ 24V\u012ekrovimo srov\u0117: 45 A.Pradin\u0117 srov\u0117: 200 A.Saugiklis: 2&#215;50 APalaikom\u0173 baterij\u0173 talpa: 20 &#8211; 400 AhDid\u017eiausia \u012f\u0117jimo galia kraunant: 1,0 kWDid\u017eiausia \u012fvesties galia paleidimo metu: 4,8 kWLygintuvo laid\u0173 ilgis: apie 160 cmMaitinimo laido ilgis: apie 170 cmSvoris:11,58kg<\/p>","protected":false},"excerpt":{"rendered":"<p>Akumuliatori\u0173 \u012fkroviklis su paleidimo funkcija 200A<\/p>","protected":false},"featured_media":248609,"comment_status":"open","ping_status":"closed","template":"","meta":[],"product_cat":[9881],"product_tag":[9810],"class_list":{"0":"post-404806","1":"product","2":"type-product","3":"status-publish","4":"has-post-thumbnail","6":"product_brand-geko-lenkija","7":"product_cat-ikrovikliai-akumuliatoriams-akumuliatoriu-testeriai","8":"product_tag-geko-lenkija","10":"first","11":"outofstock","12":"purchasable","13":"product-type-simple"},"jetpack_sharing_enabled":true,"_links":{"self":[{"href":"https:\/\/irankiuzona.lt\/ru\/wp-json\/wp\/v2\/product\/404806","targetHints":{"allow":["GET"]}}],"collection":[{"href":"https:\/\/irankiuzona.lt\/ru\/wp-json\/wp\/v2\/product"}],"about":[{"href":"https:\/\/irankiuzona.lt\/ru\/wp-json\/wp\/v2\/types\/product"}],"replies":[{"embeddable":true,"href":"https:\/\/irankiuzona.lt\/ru\/wp-json\/wp\/v2\/comments?post=404806"}],"version-history":[{"count":1,"href":"https:\/\/irankiuzona.lt\/ru\/wp-json\/wp\/v2\/product\/404806\/revisions"}],"predecessor-version":[{"id":418229,"href":"https:\/\/irankiuzona.lt\/ru\/wp-json\/wp\/v2\/product\/404806\/revisions\/418229"}],"wp:featuredmedia":[{"embeddable":true,"href":"https:\/\/irankiuzona.lt\/ru\/wp-json\/wp\/v2\/media\/248609"}],"wp:attachment":[{"href":"https:\/\/irankiuzona.lt\/ru\/wp-json\/wp\/v2\/media?parent=404806"}],"wp:term":[{"taxonomy":"product_cat","embeddable":true,"href":"https:\/\/irankiuzona.lt\/ru\/wp-json\/wp\/v2\/product_cat?post=404806"},{"taxonomy":"product_tag","embeddable":true,"href":"https:\/\/irankiuzona.lt\/ru\/wp-json\/wp\/v2\/product_tag?post=404806"}],"curies":[{"name":"wp","href":"https:\/\/api.w.org\/{rel}","templated":true}]}}