{"id":404808,"date":"2025-05-17T07:12:24","date_gmt":"2025-05-17T07:12:24","guid":{"rendered":"https:\/\/irankiuzona.lt\/product\/perforatorius-800w-keiciamu-griebtuvu-2\/"},"modified":"2026-04-12T15:20:35","modified_gmt":"2026-04-12T15:20:35","slug":"perforatorius-800w-keiciamu-griebtuvu-2","status":"publish","type":"product","link":"https:\/\/irankiuzona.lt\/ru\/product\/perforatorius-800w-keiciamu-griebtuvu-2\/","title":{"rendered":"Perforatorius 800W kei\u010diamu griebtuvu"},"content":{"rendered":"<p>Technin\u0117s specifikacijos:Galia: 800WMaitinimas: 230V ~ 50HzSukimosi greitis: 0-1100 aps \/ minSm\u016bgio energija: 2,7 JGr\u0119\u017eimo griebtuvo tipas: SDS + \/ savaime u\u017esiblokuojantisGreito galvos pakeitimo funkcija: TAIPMaksimalus gr\u0119\u017eimo skersmuo betone: 26mmDid\u017eiausias gr\u0119\u017eimo skersmuo betone: 68 mm (\u0161erdies antgalis)Gr\u0119\u017eimo skersmuo pliene: 13mmGr\u0119\u017eimo skersmuo medienoje: 30mm<br \/>\nKomplekto turinys:GEKO plaktuko gr\u0105\u017etasSDS + galvut\u0117greitai atleid\u017eiama galvut\u0117SDS + 6 mm, 8 mm, 10 mm gr\u0105\u017etaiSDS + kaltasSDS + perforatoriuspagalbin\u0117 rankenagr\u0119\u017eimo gylio ribotuvasatsarginiai angliniai \u0161epet\u0117liaiSvoris: 5,6kg<\/p>","protected":false},"excerpt":{"rendered":"<p>Perforatorius 800W kei\u010diamu griebtuvu<\/p>","protected":false},"featured_media":248612,"comment_status":"open","ping_status":"open","template":"","meta":[],"product_cat":[9894],"product_tag":[9810],"class_list":{"0":"post-404808","1":"product","2":"type-product","3":"status-publish","4":"has-post-thumbnail","6":"product_brand-geko-lenkija","7":"product_cat-smuginiai-greztuvai-perforatoriai","8":"product_tag-geko-lenkija","10":"first","11":"instock","12":"purchasable","13":"product-type-simple"},"jetpack_sharing_enabled":true,"_links":{"self":[{"href":"https:\/\/irankiuzona.lt\/ru\/wp-json\/wp\/v2\/product\/404808","targetHints":{"allow":["GET"]}}],"collection":[{"href":"https:\/\/irankiuzona.lt\/ru\/wp-json\/wp\/v2\/product"}],"about":[{"href":"https:\/\/irankiuzona.lt\/ru\/wp-json\/wp\/v2\/types\/product"}],"replies":[{"embeddable":true,"href":"https:\/\/irankiuzona.lt\/ru\/wp-json\/wp\/v2\/comments?post=404808"}],"version-history":[{"count":1,"href":"https:\/\/irankiuzona.lt\/ru\/wp-json\/wp\/v2\/product\/404808\/revisions"}],"predecessor-version":[{"id":418230,"href":"https:\/\/irankiuzona.lt\/ru\/wp-json\/wp\/v2\/product\/404808\/revisions\/418230"}],"wp:featuredmedia":[{"embeddable":true,"href":"https:\/\/irankiuzona.lt\/ru\/wp-json\/wp\/v2\/media\/248612"}],"wp:attachment":[{"href":"https:\/\/irankiuzona.lt\/ru\/wp-json\/wp\/v2\/media?parent=404808"}],"wp:term":[{"taxonomy":"product_cat","embeddable":true,"href":"https:\/\/irankiuzona.lt\/ru\/wp-json\/wp\/v2\/product_cat?post=404808"},{"taxonomy":"product_tag","embeddable":true,"href":"https:\/\/irankiuzona.lt\/ru\/wp-json\/wp\/v2\/product_tag?post=404808"}],"curies":[{"name":"wp","href":"https:\/\/api.w.org\/{rel}","templated":true}]}}