{"id":404810,"date":"2025-05-17T07:12:26","date_gmt":"2025-05-17T07:12:26","guid":{"rendered":"https:\/\/irankiuzona.lt\/product\/frezavimo-stakles-su-apsuku-reguliavimu-1200w-2\/"},"modified":"2026-04-12T12:03:53","modified_gmt":"2026-04-12T12:03:53","slug":"frezavimo-stakles-su-apsuku-reguliavimu-1200w-2","status":"publish","type":"product","link":"https:\/\/irankiuzona.lt\/ru\/product\/frezavimo-stakles-su-apsuku-reguliavimu-1200w-2\/","title":{"rendered":"Frezavimo stakl\u0117s su apsuk\u0173 reguliavimu 1200W"},"content":{"rendered":"<p>Techniniai duomenys<br \/>\nMaitinimo \u012ftampa: 230VEnergijos suvartojimas: 1200WTu\u0161\u010diosios eigos greitis (aps.\/min.): 16 000 &#8211; 30 000Frezavimo stakli\u0173 atrama: 2 stulpeliaiFrezavimo gylis: 0 &#8211; 50 mmKolet\u0117: 6 ir 8 mmSvoris: 4,1kg<\/p>","protected":false},"excerpt":{"rendered":"<p>Frezavimo stakl\u0117s su apsuk\u0173 reguliavimu 1200W<\/p>","protected":false},"featured_media":248615,"comment_status":"open","ping_status":"open","template":"","meta":[],"product_cat":[10067],"product_tag":[9810],"class_list":{"0":"post-404810","1":"product","2":"type-product","3":"status-publish","4":"has-post-thumbnail","6":"product_brand-geko-lenkija","7":"product_cat-frezavimo-stakles-frezeriai","8":"product_tag-geko-lenkija","10":"first","11":"instock","12":"purchasable","13":"product-type-simple"},"jetpack_sharing_enabled":true,"_links":{"self":[{"href":"https:\/\/irankiuzona.lt\/ru\/wp-json\/wp\/v2\/product\/404810","targetHints":{"allow":["GET"]}}],"collection":[{"href":"https:\/\/irankiuzona.lt\/ru\/wp-json\/wp\/v2\/product"}],"about":[{"href":"https:\/\/irankiuzona.lt\/ru\/wp-json\/wp\/v2\/types\/product"}],"replies":[{"embeddable":true,"href":"https:\/\/irankiuzona.lt\/ru\/wp-json\/wp\/v2\/comments?post=404810"}],"version-history":[{"count":1,"href":"https:\/\/irankiuzona.lt\/ru\/wp-json\/wp\/v2\/product\/404810\/revisions"}],"predecessor-version":[{"id":418231,"href":"https:\/\/irankiuzona.lt\/ru\/wp-json\/wp\/v2\/product\/404810\/revisions\/418231"}],"wp:featuredmedia":[{"embeddable":true,"href":"https:\/\/irankiuzona.lt\/ru\/wp-json\/wp\/v2\/media\/248615"}],"wp:attachment":[{"href":"https:\/\/irankiuzona.lt\/ru\/wp-json\/wp\/v2\/media?parent=404810"}],"wp:term":[{"taxonomy":"product_cat","embeddable":true,"href":"https:\/\/irankiuzona.lt\/ru\/wp-json\/wp\/v2\/product_cat?post=404810"},{"taxonomy":"product_tag","embeddable":true,"href":"https:\/\/irankiuzona.lt\/ru\/wp-json\/wp\/v2\/product_tag?post=404810"}],"curies":[{"name":"wp","href":"https:\/\/api.w.org\/{rel}","templated":true}]}}