{"id":404876,"date":"2025-05-17T07:23:58","date_gmt":"2025-05-17T07:23:58","guid":{"rendered":"https:\/\/irankiuzona.lt\/product\/akumuliatoriaus-ikrovimo-testeris-12v-2\/"},"modified":"2026-05-14T00:42:16","modified_gmt":"2026-05-14T00:42:16","slug":"akumuliatoriaus-ikrovimo-testeris-12v-2","status":"publish","type":"product","link":"https:\/\/irankiuzona.lt\/ru\/product\/akumuliatoriaus-ikrovimo-testeris-12v-2\/","title":{"rendered":"Akumuliatoriaus \u012fkrovimo testeris 12V"},"content":{"rendered":"<p>Technin\u0117s specifikacijos:Tipas: skaitmeninis LED\u012etampa: 12 VDCBandymo srov\u0117: 100 ACCA matavimo diapazonas (\u0161altoji paleidimo srov\u0117): 150-1400\u012etampos diapazonas: 8,5-25 VDCDarbin\u0117s temperat\u016bros diapazonas: 0 &#8211; 40\u00baCLaikymo temperat\u016bros diapazonas: 0-55\u00baCSvoris:0,1kg<\/p>","protected":false},"excerpt":{"rendered":"<p>Akumuliatoriaus \u012fkrovimo testeris 12V<\/p>","protected":false},"featured_media":250633,"comment_status":"open","ping_status":"open","template":"","meta":[],"product_cat":[9881],"product_tag":[9810],"class_list":{"0":"post-404876","1":"product","2":"type-product","3":"status-publish","4":"has-post-thumbnail","6":"product_brand-geko-lenkija","7":"product_cat-ikrovikliai-akumuliatoriams-akumuliatoriu-testeriai","8":"product_tag-geko-lenkija","10":"first","11":"instock","12":"purchasable","13":"product-type-simple"},"jetpack_sharing_enabled":true,"_links":{"self":[{"href":"https:\/\/irankiuzona.lt\/ru\/wp-json\/wp\/v2\/product\/404876","targetHints":{"allow":["GET"]}}],"collection":[{"href":"https:\/\/irankiuzona.lt\/ru\/wp-json\/wp\/v2\/product"}],"about":[{"href":"https:\/\/irankiuzona.lt\/ru\/wp-json\/wp\/v2\/types\/product"}],"replies":[{"embeddable":true,"href":"https:\/\/irankiuzona.lt\/ru\/wp-json\/wp\/v2\/comments?post=404876"}],"version-history":[{"count":1,"href":"https:\/\/irankiuzona.lt\/ru\/wp-json\/wp\/v2\/product\/404876\/revisions"}],"predecessor-version":[{"id":418871,"href":"https:\/\/irankiuzona.lt\/ru\/wp-json\/wp\/v2\/product\/404876\/revisions\/418871"}],"wp:featuredmedia":[{"embeddable":true,"href":"https:\/\/irankiuzona.lt\/ru\/wp-json\/wp\/v2\/media\/250633"}],"wp:attachment":[{"href":"https:\/\/irankiuzona.lt\/ru\/wp-json\/wp\/v2\/media?parent=404876"}],"wp:term":[{"taxonomy":"product_cat","embeddable":true,"href":"https:\/\/irankiuzona.lt\/ru\/wp-json\/wp\/v2\/product_cat?post=404876"},{"taxonomy":"product_tag","embeddable":true,"href":"https:\/\/irankiuzona.lt\/ru\/wp-json\/wp\/v2\/product_tag?post=404876"}],"curies":[{"name":"wp","href":"https:\/\/api.w.org\/{rel}","templated":true}]}}