{"id":404880,"date":"2025-05-17T07:24:01","date_gmt":"2025-05-17T07:24:01","guid":{"rendered":"https:\/\/irankiuzona.lt\/product\/reguliatorius-kompresoriui-su-slegio-jungikliu-ir-manometrais-2\/"},"modified":"2026-05-14T17:07:30","modified_gmt":"2026-05-14T17:07:30","slug":"reguliatorius-kompresoriui-su-slegio-jungikliu-ir-manometrais-2","status":"publish","type":"product","link":"https:\/\/irankiuzona.lt\/ru\/product\/reguliatorius-kompresoriui-su-slegio-jungikliu-ir-manometrais-2\/","title":{"rendered":"Reguliatorius kompresoriui su sl\u0117gio jungikliu ir manometrais"},"content":{"rendered":"<p>TECHNINIAI DUOMENYS :suma\u017eina sl\u0117g\u012fsl\u0117gio ribotuvas2 manometraimaks. sl\u0117gis 12 bar\u0173dvi europin\u0117s greitosios jungtysmaitinimo \u0161altinis 230VSvoris:0,73kg<\/p>","protected":false},"excerpt":{"rendered":"<p>Reguliatorius kompresoriui su sl\u0117gio jungikliu ir manometrais<\/p>","protected":false},"featured_media":250639,"comment_status":"open","ping_status":"open","template":"","meta":[],"product_cat":[10072],"product_tag":[9810],"class_list":{"0":"post-404880","1":"product","2":"type-product","3":"status-publish","4":"has-post-thumbnail","6":"product_brand-geko-lenkija","7":"product_cat-kompresoriai","8":"product_tag-geko-lenkija","10":"first","11":"outofstock","12":"purchasable","13":"product-type-simple"},"jetpack_sharing_enabled":true,"_links":{"self":[{"href":"https:\/\/irankiuzona.lt\/ru\/wp-json\/wp\/v2\/product\/404880","targetHints":{"allow":["GET"]}}],"collection":[{"href":"https:\/\/irankiuzona.lt\/ru\/wp-json\/wp\/v2\/product"}],"about":[{"href":"https:\/\/irankiuzona.lt\/ru\/wp-json\/wp\/v2\/types\/product"}],"replies":[{"embeddable":true,"href":"https:\/\/irankiuzona.lt\/ru\/wp-json\/wp\/v2\/comments?post=404880"}],"version-history":[{"count":1,"href":"https:\/\/irankiuzona.lt\/ru\/wp-json\/wp\/v2\/product\/404880\/revisions"}],"predecessor-version":[{"id":418873,"href":"https:\/\/irankiuzona.lt\/ru\/wp-json\/wp\/v2\/product\/404880\/revisions\/418873"}],"wp:featuredmedia":[{"embeddable":true,"href":"https:\/\/irankiuzona.lt\/ru\/wp-json\/wp\/v2\/media\/250639"}],"wp:attachment":[{"href":"https:\/\/irankiuzona.lt\/ru\/wp-json\/wp\/v2\/media?parent=404880"}],"wp:term":[{"taxonomy":"product_cat","embeddable":true,"href":"https:\/\/irankiuzona.lt\/ru\/wp-json\/wp\/v2\/product_cat?post=404880"},{"taxonomy":"product_tag","embeddable":true,"href":"https:\/\/irankiuzona.lt\/ru\/wp-json\/wp\/v2\/product_tag?post=404880"}],"curies":[{"name":"wp","href":"https:\/\/api.w.org\/{rel}","templated":true}]}}