{"id":404884,"date":"2025-05-17T07:26:17","date_gmt":"2025-05-17T07:26:17","guid":{"rendered":"https:\/\/irankiuzona.lt\/product\/kampinis-slifuoklis-125mm-1200w-3\/"},"modified":"2026-05-14T16:11:06","modified_gmt":"2026-05-14T16:11:06","slug":"kampinis-slifuoklis-125mm-1200w-3","status":"publish","type":"product","link":"https:\/\/irankiuzona.lt\/ru\/product\/kampinis-slifuoklis-125mm-1200w-3\/","title":{"rendered":"Kampinis \u0161lifuoklis 125mm 1200W"},"content":{"rendered":"<p>Techniniai duomenysgalia: 1200 Wmaitinimo \u012ftampa: 230V \/ 50 Hzsukimosi greitis: 3000 &#8211; 12 000 aps.\/min\u0161lifavimo rato skersmuo: 125 mm\u0161lifavimo rato skyl\u0117s skersmuo: 22 mmverpst\u0117s sriegis: M14apsaugos klas\u0117: II\u00a0\u00a0\u00a0 \u00a0svoris:2,12kg<\/p>","protected":false},"excerpt":{"rendered":"<p>Kampinis \u0161lifuoklis 125mm 1200W<\/p>","protected":false},"featured_media":187204,"comment_status":"open","ping_status":"open","template":"","meta":[],"product_cat":[9648],"product_tag":[9810],"class_list":{"0":"post-404884","1":"product","2":"type-product","3":"status-publish","4":"has-post-thumbnail","6":"product_brand-geko-lenkija","7":"product_cat-kampiniai-slifuokliai","8":"product_tag-geko-lenkija","10":"first","11":"instock","12":"purchasable","13":"product-type-simple"},"jetpack_sharing_enabled":true,"_links":{"self":[{"href":"https:\/\/irankiuzona.lt\/ru\/wp-json\/wp\/v2\/product\/404884","targetHints":{"allow":["GET"]}}],"collection":[{"href":"https:\/\/irankiuzona.lt\/ru\/wp-json\/wp\/v2\/product"}],"about":[{"href":"https:\/\/irankiuzona.lt\/ru\/wp-json\/wp\/v2\/types\/product"}],"replies":[{"embeddable":true,"href":"https:\/\/irankiuzona.lt\/ru\/wp-json\/wp\/v2\/comments?post=404884"}],"version-history":[{"count":1,"href":"https:\/\/irankiuzona.lt\/ru\/wp-json\/wp\/v2\/product\/404884\/revisions"}],"predecessor-version":[{"id":419006,"href":"https:\/\/irankiuzona.lt\/ru\/wp-json\/wp\/v2\/product\/404884\/revisions\/419006"}],"wp:featuredmedia":[{"embeddable":true,"href":"https:\/\/irankiuzona.lt\/ru\/wp-json\/wp\/v2\/media\/187204"}],"wp:attachment":[{"href":"https:\/\/irankiuzona.lt\/ru\/wp-json\/wp\/v2\/media?parent=404884"}],"wp:term":[{"taxonomy":"product_cat","embeddable":true,"href":"https:\/\/irankiuzona.lt\/ru\/wp-json\/wp\/v2\/product_cat?post=404884"},{"taxonomy":"product_tag","embeddable":true,"href":"https:\/\/irankiuzona.lt\/ru\/wp-json\/wp\/v2\/product_tag?post=404884"}],"curies":[{"name":"wp","href":"https:\/\/api.w.org\/{rel}","templated":true}]}}