{"id":405021,"date":"2025-05-17T08:49:22","date_gmt":"2025-05-17T08:49:22","guid":{"rendered":"https:\/\/irankiuzona.lt\/product\/dujine-viriklele-mini-2\/"},"modified":"2026-04-13T09:53:03","modified_gmt":"2026-04-13T09:53:03","slug":"dujine-viriklele-mini-2","status":"publish","type":"product","link":"https:\/\/irankiuzona.lt\/ru\/product\/dujine-viriklele-mini-2\/","title":{"rendered":"Dujin\u0117 virikl\u0117l\u0117 mini"},"content":{"rendered":"<p>Svoris:0,4kg<\/p>","protected":false},"excerpt":{"rendered":"<p>Dujin\u0117 virikl\u0117l\u0117 mini<\/p>","protected":false},"featured_media":264783,"comment_status":"open","ping_status":"open","template":"","meta":[],"product_cat":[10080],"product_tag":[9810],"class_list":{"0":"post-405021","1":"product","2":"type-product","3":"status-publish","4":"has-post-thumbnail","6":"product_brand-geko-lenkija","7":"product_cat-dujines-virykles","8":"product_tag-geko-lenkija","10":"first","11":"outofstock","12":"purchasable","13":"product-type-simple"},"jetpack_sharing_enabled":true,"_links":{"self":[{"href":"https:\/\/irankiuzona.lt\/ru\/wp-json\/wp\/v2\/product\/405021","targetHints":{"allow":["GET"]}}],"collection":[{"href":"https:\/\/irankiuzona.lt\/ru\/wp-json\/wp\/v2\/product"}],"about":[{"href":"https:\/\/irankiuzona.lt\/ru\/wp-json\/wp\/v2\/types\/product"}],"replies":[{"embeddable":true,"href":"https:\/\/irankiuzona.lt\/ru\/wp-json\/wp\/v2\/comments?post=405021"}],"version-history":[{"count":1,"href":"https:\/\/irankiuzona.lt\/ru\/wp-json\/wp\/v2\/product\/405021\/revisions"}],"predecessor-version":[{"id":423377,"href":"https:\/\/irankiuzona.lt\/ru\/wp-json\/wp\/v2\/product\/405021\/revisions\/423377"}],"wp:featuredmedia":[{"embeddable":true,"href":"https:\/\/irankiuzona.lt\/ru\/wp-json\/wp\/v2\/media\/264783"}],"wp:attachment":[{"href":"https:\/\/irankiuzona.lt\/ru\/wp-json\/wp\/v2\/media?parent=405021"}],"wp:term":[{"taxonomy":"product_cat","embeddable":true,"href":"https:\/\/irankiuzona.lt\/ru\/wp-json\/wp\/v2\/product_cat?post=405021"},{"taxonomy":"product_tag","embeddable":true,"href":"https:\/\/irankiuzona.lt\/ru\/wp-json\/wp\/v2\/product_tag?post=405021"}],"curies":[{"name":"wp","href":"https:\/\/api.w.org\/{rel}","templated":true}]}}