{"id":405041,"date":"2025-05-17T09:04:30","date_gmt":"2025-05-17T09:04:30","guid":{"rendered":"https:\/\/irankiuzona.lt\/product\/sildytuvas-konvekcinis-2\/"},"modified":"2026-04-07T15:04:45","modified_gmt":"2026-04-07T15:04:45","slug":"sildytuvas-konvekcinis-2","status":"publish","type":"product","link":"https:\/\/irankiuzona.lt\/ru\/product\/sildytuvas-konvekcinis-2\/","title":{"rendered":"\u0160ildytuvas konvekcinis"},"content":{"rendered":"<p>Technin\u0117s specifikacijos:<br \/>\nGalia: 750 \/ 1250 \/ 2000 WTermostatas: rankinisLaikmatis: \u200b\u200bnustatome valandas, kuriomis turi veikti \u0161ildytuvasIntegruotas ventiliatorius: \u200b\u200bTURBO funkcijaAu\u0161inimo funkcijaNe\u0161iojamasGalimas montavimas ant sienosAuk\u0161tis (su sumontuotomis kojomis): 34 cm (37,5 cm)Plotis: 60 cmGylis: 9,5 cm<\/p>","protected":false},"excerpt":{"rendered":"<p>\u0160ildytuvas konvekcinis<\/p>","protected":false},"featured_media":266835,"comment_status":"open","ping_status":"open","template":"","meta":[],"product_cat":[10073],"product_tag":[9810],"class_list":{"0":"post-405041","1":"product","2":"type-product","3":"status-publish","4":"has-post-thumbnail","6":"product_brand-geko-lenkija","7":"product_cat-patalpu-sildytuvai-elektriniai-dyzeliniai","8":"product_tag-geko-lenkija","10":"first","11":"outofstock","12":"purchasable","13":"product-type-simple"},"jetpack_sharing_enabled":true,"_links":{"self":[{"href":"https:\/\/irankiuzona.lt\/ru\/wp-json\/wp\/v2\/product\/405041","targetHints":{"allow":["GET"]}}],"collection":[{"href":"https:\/\/irankiuzona.lt\/ru\/wp-json\/wp\/v2\/product"}],"about":[{"href":"https:\/\/irankiuzona.lt\/ru\/wp-json\/wp\/v2\/types\/product"}],"replies":[{"embeddable":true,"href":"https:\/\/irankiuzona.lt\/ru\/wp-json\/wp\/v2\/comments?post=405041"}],"version-history":[{"count":0,"href":"https:\/\/irankiuzona.lt\/ru\/wp-json\/wp\/v2\/product\/405041\/revisions"}],"wp:featuredmedia":[{"embeddable":true,"href":"https:\/\/irankiuzona.lt\/ru\/wp-json\/wp\/v2\/media\/266835"}],"wp:attachment":[{"href":"https:\/\/irankiuzona.lt\/ru\/wp-json\/wp\/v2\/media?parent=405041"}],"wp:term":[{"taxonomy":"product_cat","embeddable":true,"href":"https:\/\/irankiuzona.lt\/ru\/wp-json\/wp\/v2\/product_cat?post=405041"},{"taxonomy":"product_tag","embeddable":true,"href":"https:\/\/irankiuzona.lt\/ru\/wp-json\/wp\/v2\/product_tag?post=405041"}],"curies":[{"name":"wp","href":"https:\/\/api.w.org\/{rel}","templated":true}]}}