{"id":405091,"date":"2025-05-17T10:01:03","date_gmt":"2025-05-17T10:01:03","guid":{"rendered":"https:\/\/irankiuzona.lt\/product\/perforatorius-sds-1500w-su-priedais-2\/"},"modified":"2026-04-17T10:38:58","modified_gmt":"2026-04-17T10:38:58","slug":"perforatorius-sds-1500w-su-priedais-2","status":"publish","type":"product","link":"https:\/\/irankiuzona.lt\/ru\/product\/perforatorius-sds-1500w-su-priedais-2\/","title":{"rendered":"Perforatorius SDS+ 1500W su priedais"},"content":{"rendered":"<p>Reguliuojamas greitis (nuo 1 iki 6) leid\u017eia nustatyti greit\u012f nuo 300 iki 800 aps.\/min. sm\u016bgio da\u017enis nuo 1500 iki 4000 sm\u016bgi\u0173\/min. Tai rei\u0161kia, kad j\u016bs visi\u0161kai kontroliuojate \u012frank\u012f, nepriklausomai nuo apdirbamos med\u017eiagos tipo.<br \/>\n\u012esp\u016bdinga galia ir na\u0161umas:<br \/>\n1500W variklio galia<br \/>\n6J sm\u016bgio energija<br \/>\nSukimosi greitis: 300-800 RPM<br \/>\nSm\u016bgi\u0173 da\u017enis: 1500-4000 sm\u016bgi\u0173\/min<\/p>","protected":false},"excerpt":{"rendered":"<p>Sm\u016bginis gr\u0105\u017etas SDS+ 1500W su priedais<\/p>","protected":false},"featured_media":401436,"comment_status":"open","ping_status":"open","template":"","meta":[],"product_cat":[9894],"product_tag":[9810],"class_list":{"0":"post-405091","1":"product","2":"type-product","3":"status-publish","4":"has-post-thumbnail","6":"product_brand-geko-lenkija","7":"product_cat-smuginiai-greztuvai-perforatoriai","8":"product_tag-geko-lenkija","10":"first","11":"outofstock","12":"purchasable","13":"product-type-simple"},"jetpack_sharing_enabled":true,"_links":{"self":[{"href":"https:\/\/irankiuzona.lt\/ru\/wp-json\/wp\/v2\/product\/405091","targetHints":{"allow":["GET"]}}],"collection":[{"href":"https:\/\/irankiuzona.lt\/ru\/wp-json\/wp\/v2\/product"}],"about":[{"href":"https:\/\/irankiuzona.lt\/ru\/wp-json\/wp\/v2\/types\/product"}],"replies":[{"embeddable":true,"href":"https:\/\/irankiuzona.lt\/ru\/wp-json\/wp\/v2\/comments?post=405091"}],"version-history":[{"count":1,"href":"https:\/\/irankiuzona.lt\/ru\/wp-json\/wp\/v2\/product\/405091\/revisions"}],"predecessor-version":[{"id":426613,"href":"https:\/\/irankiuzona.lt\/ru\/wp-json\/wp\/v2\/product\/405091\/revisions\/426613"}],"wp:featuredmedia":[{"embeddable":true,"href":"https:\/\/irankiuzona.lt\/ru\/wp-json\/wp\/v2\/media\/401436"}],"wp:attachment":[{"href":"https:\/\/irankiuzona.lt\/ru\/wp-json\/wp\/v2\/media?parent=405091"}],"wp:term":[{"taxonomy":"product_cat","embeddable":true,"href":"https:\/\/irankiuzona.lt\/ru\/wp-json\/wp\/v2\/product_cat?post=405091"},{"taxonomy":"product_tag","embeddable":true,"href":"https:\/\/irankiuzona.lt\/ru\/wp-json\/wp\/v2\/product_tag?post=405091"}],"curies":[{"name":"wp","href":"https:\/\/api.w.org\/{rel}","templated":true}]}}